{"id":2076,"date":"2018-06-04T17:18:46","date_gmt":"2018-06-04T15:18:46","guid":{"rendered":"https:\/\/www.smartexstore.it\/b2b\/?page_id=2076"},"modified":"2025-02-03T10:45:20","modified_gmt":"2025-02-03T09:45:20","slug":"faq","status":"publish","type":"page","link":"https:\/\/www.smartexstore.it\/b2b\/faq\/","title":{"rendered":"FAQ"},"content":{"rendered":"\n<p style=\"color:#f69223;font-size:45px;text-align:center\" class=\"has-text-color hidden-xs\"><strong>DOMANDE FREQUENTI<\/strong><\/p>\n\n\n\n<p style=\"color:#f69223;font-size:30px;text-align:center\" class=\"has-text-color visible-xs\"><strong>DOMANDE FREQUENTI<\/strong><\/p>\n\n\n\n<h2 class=\"hidden-xs wp-block-heading\"><em><strong>Perch\u00e9&nbsp;la batteria dell&#8217;iPhone si scarica velocemente?<\/strong><\/em><\/h2>\n\n\n\n<h3 class=\"visible-xs wp-block-heading\"><em><strong>Perch\u00e9&nbsp;la batteria dell&#8217;iPhone si scarica velocemente?<\/strong><\/em><\/h3>\n\n\n\n<p style=\"font-size:18px\">Tutte le batterie ricaricabili agli ioni di litio sono prodotti soggetti ad &#8220;usura&#8221;, nel senso che il rendimento della batteria tende a diminuire nel tempo.<br>Questo processo avviene con i normali cicli di ricarica, ma pu\u00f2 anche essere influenzato ed accelerato da altri fattori quali ad esempio il raggiungimento di temperature elevate (esposizione al sole, posizionamento vicino a fonti di calore etc..); alimentazione con tensione superiore a quella indicata, che pu\u00f2 avvenire in caso di ricarica con caricatori non originali privi di un buon circuito di protezione; cattivo utilizzo dello smartphone; inadeguata ricarica etc. <\/p>\n\n\n\n<h2 class=\"hidden-xs wp-block-heading\"><em><strong>Perch\u00e9 la batteria dell&#8217; iPhone si gonfia?<\/strong><\/em><strong> <\/strong><\/h2>\n\n\n\n<h3 class=\"visible-xs wp-block-heading\"><em><strong>Perch\u00e9 la batteria dell&#8217; iPhone si gonfia?<\/strong><\/em><strong> <\/strong><\/h3>\n\n\n\n<p style=\"font-size:18px\">Un rigonfiamento pu\u00f2 essere causato da fattori esterni, quali errata alimentazione (ad esempio non utilizzando caricatori originali), surriscaldamento accidentale della batteria etc. <\/p>\n\n\n\n<h2 class=\"hidden-xs wp-block-heading\"><em><strong>Il tasto home iPhone 7 non funziona dopo la sostituzione?<\/strong><\/em><strong> <\/strong><\/h2>\n\n\n\n<h3 class=\"visible-xs wp-block-heading\"><em><strong>Il tasto home iPhone 7 non funziona dopo la sostituzione?<\/strong><\/em><strong> <\/strong><\/h3>\n\n\n\n<p style=\"font-size:18px\">Il tasto ha una funzione solamente estetica. Per funzionare \u00e8 necessario sostituire il chip (non fornito). Anche la funzione Touch ID \/ Impronta digitale non \u00e8 supportata. <\/p>\n\n\n\n<h2 class=\"hidden-xs wp-block-heading\"><em><strong>Che differenza c&#8217;\u00e8 tra display rigenerato e compatibile?<\/strong><\/em><strong> <\/strong><\/h2>\n\n\n\n<h3 class=\"visible-xs wp-block-heading\"><em><strong>Che differenza c&#8217;\u00e8 tra display rigenerato e compatibile?<\/strong><\/em><strong> <\/strong><\/h3>\n\n\n\n<p style=\"font-size:18px\">Gli LCD compatibili sono LCD di qualit\u00e0 AAA non originali. Hanno caratteristiche del tutto compatibili e una resa in termini di colore e luminosit\u00e0 molto simile all&#8217;originale, pur non essendo tali.<br>Gli LCD rigenerati sono LCD originali a cui \u00e8 stato sostituito solamente il vetro. Hanno una resa in tutto e per tutto pari all&#8217;originale.  <\/p>\n\n\n\n<h2 class=\"hidden-xs wp-block-heading\"><em><strong>Che tipo di matrici vengono utilizzate per i display compatibili?<\/strong><\/em><strong> <\/strong><\/h2>\n\n\n\n<h3 class=\"visible-xs wp-block-heading\"><em><strong>Che tipo di matrici vengono utilizzate per i display compatibili?<\/strong><\/em><strong> <\/strong><\/h3>\n\n\n\n<p style=\"font-size:18px\">I nostri display vengono sempre realizzati con le migliori matrici in commercio. La maggior parte dei modelli viene realizzata con matrice Tianma. Solo in alcuni casi vengono utilizzate matrici Youda (AUO) in quanto ritenute di qualit\u00e0 superiore per alcuni specifici modelli di telefono. <\/p>\n\n\n\n<h2 class=\"hidden-xs wp-block-heading\"><em><strong>I display iPhone sono compatibili con tutte le versioni di iOS?<\/strong><\/em><strong> <\/strong><\/h2>\n\n\n\n<h3 class=\"visible-xs wp-block-heading\"><em><strong>I display iPhone sono compatibili con tutte le versioni di iOS?<\/strong><\/em><strong> <\/strong><\/h3>\n\n\n\n<p style=\"font-size:18px;text-align:left\">Il nostro magazzino viene continuamente rifornito di display compatibili con le pi\u00f9 recenti versioni di iOS. <\/p>\n\n\n\n<h2 class=\"hidden-xs wp-block-heading\"><em><strong>Che cosa \u00e8 il 3D Touch?<\/strong><\/em><strong> <\/strong><\/h2>\n\n\n\n<h3 class=\"visible-xs wp-block-heading\"><em><strong>Che cosa \u00e8 il 3D Touch?<\/strong><\/em><strong> <\/strong><\/h3>\n\n\n\n<p style=\"font-size:18px;text-align:left\">\u00c8 una tecnologia che permette di riconoscere al dispositivo iPhone, la pressione esercitata con un dito sullo schermo e che apre, a seconda della pressione, diverse tipologie di men\u00f9. <\/p>\n","protected":false},"excerpt":{"rendered":"<p>DOMANDE FREQUENTI DOMANDE FREQUENTI Perch\u00e9&nbsp;la batteria dell&#8217;iPhone si scarica velocemente? Perch\u00e9&nbsp;la batteria dell&#8217;iPhone si scarica velocemente? Tutte le batterie ricaricabili agli ioni di litio sono prodotti soggetti ad &#8220;usura&#8221;, nel senso che il rendimento della batteria tende a diminuire nel tempo.Questo processo avviene con i normali cicli di ricarica, ma pu\u00f2 anche essere influenzato ed [&hellip;]<\/p>\n","protected":false},"author":1,"featured_media":0,"parent":0,"menu_order":0,"comment_status":"closed","ping_status":"closed","template":"","meta":{"inline_featured_image":false,"_exactmetrics_skip_tracking":false,"_exactmetrics_sitenote_active":false,"_exactmetrics_sitenote_note":"","_exactmetrics_sitenote_category":0,"footnotes":""},"class_list":["post-2076","page","type-page","status-publish","hentry"],"yoast_head":"<!-- This site is optimized with the Yoast SEO plugin v26.8 - https:\/\/yoast.com\/product\/yoast-seo-wordpress\/ -->\n<title>FAQ - B2B Smartex Store<\/title>\n<meta name=\"description\" content=\"Perch\u00e9 la batteria dell\u2019iPhone si scarica velocemente? Perch\u00e9 la batteria si gonfia? Scopri il perch\u00e9 alla tue domande nella nostra area FAQ.\" \/>\n<meta name=\"robots\" content=\"index, nofollow, max-snippet:-1, max-image-preview:large, max-video-preview:-1\" \/>\n<link rel=\"canonical\" href=\"https:\/\/www.smartexstore.it\/b2b\/faq\/\" \/>\n<meta property=\"og:locale\" content=\"it_IT\" \/>\n<meta property=\"og:type\" content=\"article\" \/>\n<meta property=\"og:title\" content=\"FAQ - B2B Smartex Store\" \/>\n<meta property=\"og:description\" content=\"Perch\u00e9 la batteria dell\u2019iPhone si scarica velocemente? Perch\u00e9 la batteria si gonfia? Scopri il perch\u00e9 alla tue domande nella nostra area FAQ.\" \/>\n<meta property=\"og:url\" content=\"https:\/\/www.smartexstore.it\/b2b\/faq\/\" \/>\n<meta property=\"og:site_name\" content=\"B2B Smartex Store\" \/>\n<meta property=\"article:publisher\" content=\"https:\/\/www.facebook.com\/smartexstore\/\" \/>\n<meta property=\"article:modified_time\" content=\"2025-02-03T09:45:20+00:00\" \/>\n<meta name=\"twitter:card\" content=\"summary_large_image\" \/>\n<meta name=\"twitter:label1\" content=\"Tempo di lettura stimato\" \/>\n\t<meta name=\"twitter:data1\" content=\"2 minuti\" \/>\n<script type=\"application\/ld+json\" class=\"yoast-schema-graph\">{\"@context\":\"https:\/\/schema.org\",\"@graph\":[{\"@type\":\"WebPage\",\"@id\":\"https:\/\/www.smartexstore.it\/b2b\/faq\/\",\"url\":\"https:\/\/www.smartexstore.it\/b2b\/faq\/\",\"name\":\"FAQ - B2B Smartex Store\",\"isPartOf\":{\"@id\":\"https:\/\/www.smartexstore.it\/b2b\/#website\"},\"datePublished\":\"2018-06-04T15:18:46+00:00\",\"dateModified\":\"2025-02-03T09:45:20+00:00\",\"description\":\"Perch\u00e9 la batteria dell\u2019iPhone si scarica velocemente? Perch\u00e9 la batteria si gonfia? Scopri il perch\u00e9 alla tue domande nella nostra area FAQ.\",\"breadcrumb\":{\"@id\":\"https:\/\/www.smartexstore.it\/b2b\/faq\/#breadcrumb\"},\"inLanguage\":\"it-IT\",\"potentialAction\":[{\"@type\":\"ReadAction\",\"target\":[\"https:\/\/www.smartexstore.it\/b2b\/faq\/\"]}]},{\"@type\":\"BreadcrumbList\",\"@id\":\"https:\/\/www.smartexstore.it\/b2b\/faq\/#breadcrumb\",\"itemListElement\":[{\"@type\":\"ListItem\",\"position\":1,\"name\":\"Home\",\"item\":\"https:\/\/www.smartexstore.it\/b2b\/\"},{\"@type\":\"ListItem\",\"position\":2,\"name\":\"FAQ\"}]},{\"@type\":\"WebSite\",\"@id\":\"https:\/\/www.smartexstore.it\/b2b\/#website\",\"url\":\"https:\/\/www.smartexstore.it\/b2b\/\",\"name\":\"B2B Smartex Store\",\"description\":\"Ricambi per cellulari e accessori telefonia\",\"publisher\":{\"@id\":\"https:\/\/www.smartexstore.it\/b2b\/#organization\"},\"potentialAction\":[{\"@type\":\"SearchAction\",\"target\":{\"@type\":\"EntryPoint\",\"urlTemplate\":\"https:\/\/www.smartexstore.it\/b2b\/?s={search_term_string}\"},\"query-input\":{\"@type\":\"PropertyValueSpecification\",\"valueRequired\":true,\"valueName\":\"search_term_string\"}}],\"inLanguage\":\"it-IT\"},{\"@type\":\"Organization\",\"@id\":\"https:\/\/www.smartexstore.it\/b2b\/#organization\",\"name\":\"Recomm Srl\",\"url\":\"https:\/\/www.smartexstore.it\/b2b\/\",\"logo\":{\"@type\":\"ImageObject\",\"inLanguage\":\"it-IT\",\"@id\":\"https:\/\/www.smartexstore.it\/b2b\/#\/schema\/logo\/image\/\",\"url\":\"https:\/\/www.smartexstore.it\/b2b\/wp-content\/uploads\/2017\/02\/logosmartex_b2b-1.svg\",\"contentUrl\":\"https:\/\/www.smartexstore.it\/b2b\/wp-content\/uploads\/2017\/02\/logosmartex_b2b-1.svg\",\"caption\":\"Recomm Srl\"},\"image\":{\"@id\":\"https:\/\/www.smartexstore.it\/b2b\/#\/schema\/logo\/image\/\"},\"sameAs\":[\"https:\/\/www.facebook.com\/smartexstore\/\",\"https:\/\/www.instagram.com\/smartex_store\/\",\"https:\/\/www.youtube.com\/channel\/UCOMoER_fh_Hu14voGrTGULg\"]}]}<\/script>\n<!-- \/ Yoast SEO plugin. -->","yoast_head_json":{"title":"FAQ - B2B Smartex Store","description":"Perch\u00e9 la batteria dell\u2019iPhone si scarica velocemente? Perch\u00e9 la batteria si gonfia? Scopri il perch\u00e9 alla tue domande nella nostra area FAQ.","robots":{"index":"index","follow":"nofollow","max-snippet":"max-snippet:-1","max-image-preview":"max-image-preview:large","max-video-preview":"max-video-preview:-1"},"canonical":"https:\/\/www.smartexstore.it\/b2b\/faq\/","og_locale":"it_IT","og_type":"article","og_title":"FAQ - B2B Smartex Store","og_description":"Perch\u00e9 la batteria dell\u2019iPhone si scarica velocemente? Perch\u00e9 la batteria si gonfia? Scopri il perch\u00e9 alla tue domande nella nostra area FAQ.","og_url":"https:\/\/www.smartexstore.it\/b2b\/faq\/","og_site_name":"B2B Smartex Store","article_publisher":"https:\/\/www.facebook.com\/smartexstore\/","article_modified_time":"2025-02-03T09:45:20+00:00","twitter_card":"summary_large_image","twitter_misc":{"Tempo di lettura stimato":"2 minuti"},"schema":{"@context":"https:\/\/schema.org","@graph":[{"@type":"WebPage","@id":"https:\/\/www.smartexstore.it\/b2b\/faq\/","url":"https:\/\/www.smartexstore.it\/b2b\/faq\/","name":"FAQ - B2B Smartex Store","isPartOf":{"@id":"https:\/\/www.smartexstore.it\/b2b\/#website"},"datePublished":"2018-06-04T15:18:46+00:00","dateModified":"2025-02-03T09:45:20+00:00","description":"Perch\u00e9 la batteria dell\u2019iPhone si scarica velocemente? Perch\u00e9 la batteria si gonfia? Scopri il perch\u00e9 alla tue domande nella nostra area FAQ.","breadcrumb":{"@id":"https:\/\/www.smartexstore.it\/b2b\/faq\/#breadcrumb"},"inLanguage":"it-IT","potentialAction":[{"@type":"ReadAction","target":["https:\/\/www.smartexstore.it\/b2b\/faq\/"]}]},{"@type":"BreadcrumbList","@id":"https:\/\/www.smartexstore.it\/b2b\/faq\/#breadcrumb","itemListElement":[{"@type":"ListItem","position":1,"name":"Home","item":"https:\/\/www.smartexstore.it\/b2b\/"},{"@type":"ListItem","position":2,"name":"FAQ"}]},{"@type":"WebSite","@id":"https:\/\/www.smartexstore.it\/b2b\/#website","url":"https:\/\/www.smartexstore.it\/b2b\/","name":"B2B Smartex Store","description":"Ricambi per cellulari e accessori telefonia","publisher":{"@id":"https:\/\/www.smartexstore.it\/b2b\/#organization"},"potentialAction":[{"@type":"SearchAction","target":{"@type":"EntryPoint","urlTemplate":"https:\/\/www.smartexstore.it\/b2b\/?s={search_term_string}"},"query-input":{"@type":"PropertyValueSpecification","valueRequired":true,"valueName":"search_term_string"}}],"inLanguage":"it-IT"},{"@type":"Organization","@id":"https:\/\/www.smartexstore.it\/b2b\/#organization","name":"Recomm Srl","url":"https:\/\/www.smartexstore.it\/b2b\/","logo":{"@type":"ImageObject","inLanguage":"it-IT","@id":"https:\/\/www.smartexstore.it\/b2b\/#\/schema\/logo\/image\/","url":"https:\/\/www.smartexstore.it\/b2b\/wp-content\/uploads\/2017\/02\/logosmartex_b2b-1.svg","contentUrl":"https:\/\/www.smartexstore.it\/b2b\/wp-content\/uploads\/2017\/02\/logosmartex_b2b-1.svg","caption":"Recomm Srl"},"image":{"@id":"https:\/\/www.smartexstore.it\/b2b\/#\/schema\/logo\/image\/"},"sameAs":["https:\/\/www.facebook.com\/smartexstore\/","https:\/\/www.instagram.com\/smartex_store\/","https:\/\/www.youtube.com\/channel\/UCOMoER_fh_Hu14voGrTGULg"]}]}},"_links":{"self":[{"href":"https:\/\/www.smartexstore.it\/b2b\/wp-json\/wp\/v2\/pages\/2076","targetHints":{"allow":["GET"]}}],"collection":[{"href":"https:\/\/www.smartexstore.it\/b2b\/wp-json\/wp\/v2\/pages"}],"about":[{"href":"https:\/\/www.smartexstore.it\/b2b\/wp-json\/wp\/v2\/types\/page"}],"author":[{"embeddable":true,"href":"https:\/\/www.smartexstore.it\/b2b\/wp-json\/wp\/v2\/users\/1"}],"replies":[{"embeddable":true,"href":"https:\/\/www.smartexstore.it\/b2b\/wp-json\/wp\/v2\/comments?post=2076"}],"version-history":[{"count":12,"href":"https:\/\/www.smartexstore.it\/b2b\/wp-json\/wp\/v2\/pages\/2076\/revisions"}],"predecessor-version":[{"id":57402,"href":"https:\/\/www.smartexstore.it\/b2b\/wp-json\/wp\/v2\/pages\/2076\/revisions\/57402"}],"wp:attachment":[{"href":"https:\/\/www.smartexstore.it\/b2b\/wp-json\/wp\/v2\/media?parent=2076"}],"curies":[{"name":"wp","href":"https:\/\/api.w.org\/{rel}","templated":true}]}}