{"id":128132,"date":"2022-07-26T15:32:25","date_gmt":"2022-07-26T13:32:25","guid":{"rendered":"https:\/\/www.smartexstore.it\/b2b\/?post_type=product&#038;p=128132"},"modified":"2025-02-14T15:14:09","modified_gmt":"2025-02-14T14:14:09","slug":"batteria-iphone-xs-ty-bettery","status":"publish","type":"product","link":"https:\/\/www.smartexstore.it\/b2b\/prodotto\/batterie-compatibili\/iphone-batterie\/solo-batterie-iphone\/batteria-iphone-xs-ty-bettery\/","title":{"rendered":"Batteria iPhone XS TY BETTERY"},"content":{"rendered":"<p>Batteria iPhone XS, \u00e8 coperta da una garanzia di 12 mesi<br \/>\nLa capacit\u00e0 di questa batteria compatibile con iPhone XS \u00e8 di 2658 mAh (Batteria Li-ion).<\/p>\n<p>Il pacchetto contiene adesivo per facilitare l&#8217;installazione.<\/p>\n<p>Non contiene kit strumenti.<\/p>\n<hr \/>\n<h5>Codici<\/h5>\n<p>Si prega di controllare il modello del telefono prima di acquistarla. La batteria \u00e8 solo compatibile con modelli:<\/p>\n<ul>\n<li><strong>A1920<\/strong><\/li>\n<li><strong>A2097<\/strong><\/li>\n<li><strong> A2098<\/strong><\/li>\n<\/ul>\n<hr \/>\n<h5>Perch\u00e9 sceglierla?<\/h5>\n<p>Tutte le batterie sono prodotte da fornitori terzisti certificati, rispettando gli alti livelli qualitativi che ci siamo prefissati. Infatti la produzione \u00e8 eseguita da aziende qualificate direttamente dai nostri ingegneri. Inoltre ogni anno sono eseguiti 2 sopralluoghi sulle linee di produzione, per verificare il rispetto degli standard qualitativi. I prodotti vengono singolarmente testati in fase di produzione. Oltre a questo, \u00e8 eseguita una seconda fase di test a campione presso i nostri magazzini.<\/p>\n<hr \/>\n<h5>Oltre alla batteria iPhone hai bisogno anche di altro?<\/h5>\n<p><span style=\"color: #0000ff;\"><strong><a style=\"color: #0000ff;\" href=\"https:\/\/www.smartexstore.it\/b2b\/tag-prodotto\/iphone-XS\/\" target=\"_blank\" rel=\"noopener noreferrer\">Altri componenti e accessori per iPhone XS<\/a><\/strong><\/span><\/p>\n<hr \/>\n<p><span style=\"color: #ff6600;\">Per questo modello di telefono, una volta sostituita la batteria non sar\u00e0 pi\u00f9 possibile visualizzare le specifiche tecniche della batteria stessa dal men\u00f9 impostazioni (capacit\u00e0 totale etc..). Questo non pregiudica in alcun modo le prestazioni della batteria o del telefono.<\/span><\/p>\n<h5><a href=\"https:\/\/www.facebook.com\/smartexstore\/\" target=\"_blank\" rel=\"noopener noreferrer\">Seguici su Facebook<\/a><\/h5>\n","protected":false},"excerpt":{"rendered":"<p>Se concludi l\u2019acquisto entro le 16:00 ricevi il prodotto in 24 ore lavorative, isole e localit\u00e0 remote escluse<\/p>\n","protected":false},"featured_media":131031,"comment_status":"open","ping_status":"closed","template":"","meta":{"inline_featured_image":false,"_exactmetrics_skip_tracking":false,"_exactmetrics_sitenote_active":false,"_exactmetrics_sitenote_note":"","_exactmetrics_sitenote_category":0},"product_brand":[],"product_cat":[22],"product_tag":[788,789,790,2201,217,1397],"class_list":{"0":"post-128132","1":"product","2":"type-product","3":"status-publish","4":"has-post-thumbnail","6":"product_cat-solo-batterie-iphone","7":"product_tag-a1920","8":"product_tag-a2097","9":"product_tag-a2098","10":"product_tag-apple","11":"product_tag-iphone-xs","12":"product_tag-linea-ty-bettery","13":"pa_capacita-2029","15":"first","16":"instock","17":"featured","18":"taxable","19":"shipping-taxable","20":"purchasable","21":"product-type-simple"},"yoast_head":"<!-- This site is optimized with the Yoast SEO plugin v26.8 - https:\/\/yoast.com\/product\/yoast-seo-wordpress\/ -->\n<title>Batteria iPhone XS Ty Bettery: compatibile e garantita, con spedizione 24H<\/title>\n<meta name=\"description\" content=\"Batteria iPhone XS Ty Bettery, compatibile e garantita. Prodotti di qualit\u00e0, spedizione 24H. Entra nel nostro negozio e scopri i ricambi!\" \/>\n<meta name=\"robots\" content=\"index, follow, max-snippet:-1, max-image-preview:large, max-video-preview:-1\" \/>\n<link rel=\"canonical\" href=\"https:\/\/www.smartexstore.it\/b2b\/prodotto\/batterie-compatibili\/iphone-batterie\/solo-batterie-iphone\/batteria-iphone-xs-ty-bettery\/\" \/>\n<meta property=\"og:locale\" content=\"it_IT\" \/>\n<meta property=\"og:type\" content=\"article\" \/>\n<meta property=\"og:title\" content=\"Batteria iPhone XS Ty Bettery: compatibile e garantita, con spedizione 24H\" \/>\n<meta property=\"og:description\" content=\"Batteria iPhone XS Ty Bettery, compatibile e garantita. Prodotti di qualit\u00e0, spedizione 24H. Entra nel nostro negozio e scopri i ricambi!\" \/>\n<meta property=\"og:url\" content=\"https:\/\/www.smartexstore.it\/b2b\/prodotto\/batterie-compatibili\/iphone-batterie\/solo-batterie-iphone\/batteria-iphone-xs-ty-bettery\/\" \/>\n<meta property=\"og:site_name\" content=\"B2B Smartex Store\" \/>\n<meta property=\"article:publisher\" content=\"https:\/\/www.facebook.com\/smartexstore\/\" \/>\n<meta property=\"article:modified_time\" content=\"2025-02-14T14:14:09+00:00\" \/>\n<meta property=\"og:image\" content=\"https:\/\/www.smartexstore.it\/b2b\/wp-content\/uploads\/2022\/07\/XS-Front-TY-1.jpg\" \/>\n\t<meta property=\"og:image:width\" content=\"1200\" \/>\n\t<meta property=\"og:image:height\" content=\"1200\" \/>\n\t<meta property=\"og:image:type\" content=\"image\/jpeg\" \/>\n<meta name=\"twitter:card\" content=\"summary_large_image\" \/>\n<meta name=\"twitter:label1\" content=\"Tempo di lettura stimato\" \/>\n\t<meta name=\"twitter:data1\" content=\"1 minuto\" \/>\n<script type=\"application\/ld+json\" class=\"yoast-schema-graph\">{\"@context\":\"https:\/\/schema.org\",\"@graph\":[{\"@type\":\"WebPage\",\"@id\":\"https:\/\/www.smartexstore.it\/b2b\/prodotto\/batterie-compatibili\/iphone-batterie\/solo-batterie-iphone\/batteria-iphone-xs-ty-bettery\/\",\"url\":\"https:\/\/www.smartexstore.it\/b2b\/prodotto\/batterie-compatibili\/iphone-batterie\/solo-batterie-iphone\/batteria-iphone-xs-ty-bettery\/\",\"name\":\"Batteria iPhone XS Ty Bettery: compatibile e garantita, con spedizione 24H\",\"isPartOf\":{\"@id\":\"https:\/\/www.smartexstore.it\/b2b\/#website\"},\"primaryImageOfPage\":{\"@id\":\"https:\/\/www.smartexstore.it\/b2b\/prodotto\/batterie-compatibili\/iphone-batterie\/solo-batterie-iphone\/batteria-iphone-xs-ty-bettery\/#primaryimage\"},\"image\":{\"@id\":\"https:\/\/www.smartexstore.it\/b2b\/prodotto\/batterie-compatibili\/iphone-batterie\/solo-batterie-iphone\/batteria-iphone-xs-ty-bettery\/#primaryimage\"},\"thumbnailUrl\":\"https:\/\/www.smartexstore.it\/b2b\/wp-content\/uploads\/2022\/07\/XS-Front-TY-1.jpg\",\"datePublished\":\"2022-07-26T13:32:25+00:00\",\"dateModified\":\"2025-02-14T14:14:09+00:00\",\"description\":\"Batteria iPhone XS Ty Bettery, compatibile e garantita. Prodotti di qualit\u00e0, spedizione 24H. Entra nel nostro negozio e scopri i ricambi!\",\"breadcrumb\":{\"@id\":\"https:\/\/www.smartexstore.it\/b2b\/prodotto\/batterie-compatibili\/iphone-batterie\/solo-batterie-iphone\/batteria-iphone-xs-ty-bettery\/#breadcrumb\"},\"inLanguage\":\"it-IT\",\"potentialAction\":[{\"@type\":\"ReadAction\",\"target\":[\"https:\/\/www.smartexstore.it\/b2b\/prodotto\/batterie-compatibili\/iphone-batterie\/solo-batterie-iphone\/batteria-iphone-xs-ty-bettery\/\"]}]},{\"@type\":\"ImageObject\",\"inLanguage\":\"it-IT\",\"@id\":\"https:\/\/www.smartexstore.it\/b2b\/prodotto\/batterie-compatibili\/iphone-batterie\/solo-batterie-iphone\/batteria-iphone-xs-ty-bettery\/#primaryimage\",\"url\":\"https:\/\/www.smartexstore.it\/b2b\/wp-content\/uploads\/2022\/07\/XS-Front-TY-1.jpg\",\"contentUrl\":\"https:\/\/www.smartexstore.it\/b2b\/wp-content\/uploads\/2022\/07\/XS-Front-TY-1.jpg\",\"width\":1200,\"height\":1200,\"caption\":\"Batteria iPhone XS\"},{\"@type\":\"BreadcrumbList\",\"@id\":\"https:\/\/www.smartexstore.it\/b2b\/prodotto\/batterie-compatibili\/iphone-batterie\/solo-batterie-iphone\/batteria-iphone-xs-ty-bettery\/#breadcrumb\",\"itemListElement\":[{\"@type\":\"ListItem\",\"position\":1,\"name\":\"Home\",\"item\":\"https:\/\/www.smartexstore.it\/b2b\/\"},{\"@type\":\"ListItem\",\"position\":2,\"name\":\"SHOP\",\"item\":\"https:\/\/www.smartexstore.it\/b2b\/\"},{\"@type\":\"ListItem\",\"position\":3,\"name\":\"Batteria iPhone XS TY BETTERY\"}]},{\"@type\":\"WebSite\",\"@id\":\"https:\/\/www.smartexstore.it\/b2b\/#website\",\"url\":\"https:\/\/www.smartexstore.it\/b2b\/\",\"name\":\"B2B Smartex Store\",\"description\":\"Ricambi per cellulari e accessori telefonia\",\"publisher\":{\"@id\":\"https:\/\/www.smartexstore.it\/b2b\/#organization\"},\"potentialAction\":[{\"@type\":\"SearchAction\",\"target\":{\"@type\":\"EntryPoint\",\"urlTemplate\":\"https:\/\/www.smartexstore.it\/b2b\/?s={search_term_string}\"},\"query-input\":{\"@type\":\"PropertyValueSpecification\",\"valueRequired\":true,\"valueName\":\"search_term_string\"}}],\"inLanguage\":\"it-IT\"},{\"@type\":\"Organization\",\"@id\":\"https:\/\/www.smartexstore.it\/b2b\/#organization\",\"name\":\"Recomm Srl\",\"url\":\"https:\/\/www.smartexstore.it\/b2b\/\",\"logo\":{\"@type\":\"ImageObject\",\"inLanguage\":\"it-IT\",\"@id\":\"https:\/\/www.smartexstore.it\/b2b\/#\/schema\/logo\/image\/\",\"url\":\"https:\/\/www.smartexstore.it\/b2b\/wp-content\/uploads\/2017\/02\/logosmartex_b2b-1.svg\",\"contentUrl\":\"https:\/\/www.smartexstore.it\/b2b\/wp-content\/uploads\/2017\/02\/logosmartex_b2b-1.svg\",\"caption\":\"Recomm Srl\"},\"image\":{\"@id\":\"https:\/\/www.smartexstore.it\/b2b\/#\/schema\/logo\/image\/\"},\"sameAs\":[\"https:\/\/www.facebook.com\/smartexstore\/\",\"https:\/\/www.instagram.com\/smartex_store\/\",\"https:\/\/www.youtube.com\/channel\/UCOMoER_fh_Hu14voGrTGULg\"]}]}<\/script>\n<!-- \/ Yoast SEO plugin. -->","yoast_head_json":{"title":"Batteria iPhone XS Ty Bettery: compatibile e garantita, con spedizione 24H","description":"Batteria iPhone XS Ty Bettery, compatibile e garantita. Prodotti di qualit\u00e0, spedizione 24H. Entra nel nostro negozio e scopri i ricambi!","robots":{"index":"index","follow":"follow","max-snippet":"max-snippet:-1","max-image-preview":"max-image-preview:large","max-video-preview":"max-video-preview:-1"},"canonical":"https:\/\/www.smartexstore.it\/b2b\/prodotto\/batterie-compatibili\/iphone-batterie\/solo-batterie-iphone\/batteria-iphone-xs-ty-bettery\/","og_locale":"it_IT","og_type":"article","og_title":"Batteria iPhone XS Ty Bettery: compatibile e garantita, con spedizione 24H","og_description":"Batteria iPhone XS Ty Bettery, compatibile e garantita. Prodotti di qualit\u00e0, spedizione 24H. Entra nel nostro negozio e scopri i ricambi!","og_url":"https:\/\/www.smartexstore.it\/b2b\/prodotto\/batterie-compatibili\/iphone-batterie\/solo-batterie-iphone\/batteria-iphone-xs-ty-bettery\/","og_site_name":"B2B Smartex Store","article_publisher":"https:\/\/www.facebook.com\/smartexstore\/","article_modified_time":"2025-02-14T14:14:09+00:00","og_image":[{"width":1200,"height":1200,"url":"https:\/\/www.smartexstore.it\/b2b\/wp-content\/uploads\/2022\/07\/XS-Front-TY-1.jpg","type":"image\/jpeg"}],"twitter_card":"summary_large_image","twitter_misc":{"Tempo di lettura stimato":"1 minuto"},"schema":{"@context":"https:\/\/schema.org","@graph":[{"@type":"WebPage","@id":"https:\/\/www.smartexstore.it\/b2b\/prodotto\/batterie-compatibili\/iphone-batterie\/solo-batterie-iphone\/batteria-iphone-xs-ty-bettery\/","url":"https:\/\/www.smartexstore.it\/b2b\/prodotto\/batterie-compatibili\/iphone-batterie\/solo-batterie-iphone\/batteria-iphone-xs-ty-bettery\/","name":"Batteria iPhone XS Ty Bettery: compatibile e garantita, con spedizione 24H","isPartOf":{"@id":"https:\/\/www.smartexstore.it\/b2b\/#website"},"primaryImageOfPage":{"@id":"https:\/\/www.smartexstore.it\/b2b\/prodotto\/batterie-compatibili\/iphone-batterie\/solo-batterie-iphone\/batteria-iphone-xs-ty-bettery\/#primaryimage"},"image":{"@id":"https:\/\/www.smartexstore.it\/b2b\/prodotto\/batterie-compatibili\/iphone-batterie\/solo-batterie-iphone\/batteria-iphone-xs-ty-bettery\/#primaryimage"},"thumbnailUrl":"https:\/\/www.smartexstore.it\/b2b\/wp-content\/uploads\/2022\/07\/XS-Front-TY-1.jpg","datePublished":"2022-07-26T13:32:25+00:00","dateModified":"2025-02-14T14:14:09+00:00","description":"Batteria iPhone XS Ty Bettery, compatibile e garantita. Prodotti di qualit\u00e0, spedizione 24H. Entra nel nostro negozio e scopri i ricambi!","breadcrumb":{"@id":"https:\/\/www.smartexstore.it\/b2b\/prodotto\/batterie-compatibili\/iphone-batterie\/solo-batterie-iphone\/batteria-iphone-xs-ty-bettery\/#breadcrumb"},"inLanguage":"it-IT","potentialAction":[{"@type":"ReadAction","target":["https:\/\/www.smartexstore.it\/b2b\/prodotto\/batterie-compatibili\/iphone-batterie\/solo-batterie-iphone\/batteria-iphone-xs-ty-bettery\/"]}]},{"@type":"ImageObject","inLanguage":"it-IT","@id":"https:\/\/www.smartexstore.it\/b2b\/prodotto\/batterie-compatibili\/iphone-batterie\/solo-batterie-iphone\/batteria-iphone-xs-ty-bettery\/#primaryimage","url":"https:\/\/www.smartexstore.it\/b2b\/wp-content\/uploads\/2022\/07\/XS-Front-TY-1.jpg","contentUrl":"https:\/\/www.smartexstore.it\/b2b\/wp-content\/uploads\/2022\/07\/XS-Front-TY-1.jpg","width":1200,"height":1200,"caption":"Batteria iPhone XS"},{"@type":"BreadcrumbList","@id":"https:\/\/www.smartexstore.it\/b2b\/prodotto\/batterie-compatibili\/iphone-batterie\/solo-batterie-iphone\/batteria-iphone-xs-ty-bettery\/#breadcrumb","itemListElement":[{"@type":"ListItem","position":1,"name":"Home","item":"https:\/\/www.smartexstore.it\/b2b\/"},{"@type":"ListItem","position":2,"name":"SHOP","item":"https:\/\/www.smartexstore.it\/b2b\/"},{"@type":"ListItem","position":3,"name":"Batteria iPhone XS TY BETTERY"}]},{"@type":"WebSite","@id":"https:\/\/www.smartexstore.it\/b2b\/#website","url":"https:\/\/www.smartexstore.it\/b2b\/","name":"B2B Smartex Store","description":"Ricambi per cellulari e accessori telefonia","publisher":{"@id":"https:\/\/www.smartexstore.it\/b2b\/#organization"},"potentialAction":[{"@type":"SearchAction","target":{"@type":"EntryPoint","urlTemplate":"https:\/\/www.smartexstore.it\/b2b\/?s={search_term_string}"},"query-input":{"@type":"PropertyValueSpecification","valueRequired":true,"valueName":"search_term_string"}}],"inLanguage":"it-IT"},{"@type":"Organization","@id":"https:\/\/www.smartexstore.it\/b2b\/#organization","name":"Recomm Srl","url":"https:\/\/www.smartexstore.it\/b2b\/","logo":{"@type":"ImageObject","inLanguage":"it-IT","@id":"https:\/\/www.smartexstore.it\/b2b\/#\/schema\/logo\/image\/","url":"https:\/\/www.smartexstore.it\/b2b\/wp-content\/uploads\/2017\/02\/logosmartex_b2b-1.svg","contentUrl":"https:\/\/www.smartexstore.it\/b2b\/wp-content\/uploads\/2017\/02\/logosmartex_b2b-1.svg","caption":"Recomm Srl"},"image":{"@id":"https:\/\/www.smartexstore.it\/b2b\/#\/schema\/logo\/image\/"},"sameAs":["https:\/\/www.facebook.com\/smartexstore\/","https:\/\/www.instagram.com\/smartex_store\/","https:\/\/www.youtube.com\/channel\/UCOMoER_fh_Hu14voGrTGULg"]}]}},"_links":{"self":[{"href":"https:\/\/www.smartexstore.it\/b2b\/wp-json\/wp\/v2\/product\/128132","targetHints":{"allow":["GET"]}}],"collection":[{"href":"https:\/\/www.smartexstore.it\/b2b\/wp-json\/wp\/v2\/product"}],"about":[{"href":"https:\/\/www.smartexstore.it\/b2b\/wp-json\/wp\/v2\/types\/product"}],"replies":[{"embeddable":true,"href":"https:\/\/www.smartexstore.it\/b2b\/wp-json\/wp\/v2\/comments?post=128132"}],"wp:featuredmedia":[{"embeddable":true,"href":"https:\/\/www.smartexstore.it\/b2b\/wp-json\/wp\/v2\/media\/131031"}],"wp:attachment":[{"href":"https:\/\/www.smartexstore.it\/b2b\/wp-json\/wp\/v2\/media?parent=128132"}],"wp:term":[{"taxonomy":"product_brand","embeddable":true,"href":"https:\/\/www.smartexstore.it\/b2b\/wp-json\/wp\/v2\/product_brand?post=128132"},{"taxonomy":"product_cat","embeddable":true,"href":"https:\/\/www.smartexstore.it\/b2b\/wp-json\/wp\/v2\/product_cat?post=128132"},{"taxonomy":"product_tag","embeddable":true,"href":"https:\/\/www.smartexstore.it\/b2b\/wp-json\/wp\/v2\/product_tag?post=128132"}],"curies":[{"name":"wp","href":"https:\/\/api.w.org\/{rel}","templated":true}]}}