{"id":134829,"date":"2022-10-26T11:06:00","date_gmt":"2022-10-26T09:06:00","guid":{"rendered":"https:\/\/www.smartexstore.it\/b2b\/?post_type=product&#038;p=134829"},"modified":"2026-02-16T11:39:05","modified_gmt":"2026-02-16T10:39:05","slug":"iphone-13-pro-max-batteria-black-label","status":"publish","type":"product","link":"https:\/\/www.smartexstore.it\/b2b\/prodotto\/batterie-compatibili\/iphone-batterie\/solo-batterie-iphone\/iphone-13-pro-max-batteria-black-label\/","title":{"rendered":"iPhone 13 Pro Max Batteria Black Label"},"content":{"rendered":"<p>iPhone 13 Pro Max Batteria linea Black Label \u00e8 coperta da una garanzia di 12 mesi.<br \/>\nLa capacit\u00e0 di questa batteria compatibile con iPhone \u00e8 di 4352 mAh (Batteria Li-ion).<\/p>\n<hr \/>\n<h5>Codici<\/h5>\n<p>I seguenti codici si trovano sul retro del vostro iPhone e rappresentano i modelli compatibili alla batteria:<\/p>\n<ul>\n<li><strong>iPhone 13 Pro Max <\/strong>(A2484, A2641, A2644, A2645, A2643, A2653)<\/li>\n<\/ul>\n<hr \/>\n<h5>Perch\u00e9 sceglierla?<\/h5>\n<p>Tutte le batterie sono prodotte da fornitori terzisti certificati, rispettando gli alti livelli qualitativi che ci siamo prefissati. Infatti la produzione \u00e8 eseguita da aziende qualificate direttamente dai nostri ingegneri. Inoltre ogni anno sono eseguiti 2 sopralluoghi sulle linee di produzione, per verificare il rispetto degli standard qualitativi. I prodotti vengono singolarmente testati in fase di produzione. Oltre a questo, \u00e8 eseguita una seconda fase di test a campione presso i nostri magazzini.<\/p>\n<hr \/>\n<h5>Oltre alla batteria <strong>iPhone 13 Pro Max <\/strong>hai bisogno anche di altro?<\/h5>\n<p><a href=\"https:\/\/www.smartexstore.it\/b2b\/tag-prodotto\/iphone-13-pro-max\/\" target=\"_blank\" rel=\"noopener\"><strong>Altri componenti e accessori per iPhone 13 Pro Max<\/strong><\/a><\/p>\n<hr \/>\n<h5>Attenzione!<\/h5>\n<p>Per questo modello di telefono, una volta sostituita la batteria non sar\u00e0 pi\u00f9 possibile visualizzare le specifiche tecniche della batteria stessa dal men\u00f9 impostazioni (capacit\u00e0 totale etc..). Questo non pregiudica in alcun modo le prestazioni della batteria o del telefono.<\/p>\n<hr \/>\n<p>Oltre alla batteria per iPhone, nel nostro store puoi trovare molte altre parti di ricambio.<br \/>\nA titolo di esempio: Camera Posteriore, Connettore di Ricarica, Speaker Superiore\/Ear Speaker, Altoparlante inferiore\/Buzzer Speaker, Tasto Home, etc.<br \/>\nNel nostro store \u00e8 possibile acquistare anche display compatibili, rigenerati e In-Cell per i vari modelli iPhone.<br \/>\nScoprili tutti!<\/p>\n<hr \/>\n<h5><a href=\"https:\/\/www.facebook.com\/smartexstore\/\" target=\"_blank\" rel=\"noopener noreferrer\">Seguici su Facebook<\/a><\/h5>\n","protected":false},"excerpt":{"rendered":"<p>Se concludi l\u2019acquisto entro le 16:00 ricevi il prodotto in 24 ore lavorative, isole e localit\u00e0 remote escluse<\/p>\n","protected":false},"featured_media":135583,"comment_status":"open","ping_status":"closed","template":"","meta":{"inline_featured_image":false,"_exactmetrics_skip_tracking":false,"_exactmetrics_sitenote_active":false,"_exactmetrics_sitenote_note":"","_exactmetrics_sitenote_category":0},"product_brand":[],"product_cat":[22],"product_tag":[2228,2229,2232,2230,2231,2240,2201,2226,1393],"class_list":{"0":"post-134829","1":"product","2":"type-product","3":"status-publish","4":"has-post-thumbnail","6":"product_cat-solo-batterie-iphone","7":"product_tag-a2484","8":"product_tag-a2641","9":"product_tag-a2643","10":"product_tag-a2644","11":"product_tag-a2645","12":"product_tag-a2653","13":"product_tag-apple","14":"product_tag-iphone-13-pro-max","15":"product_tag-linea-black-label","16":"pa_capacita-4352-mah","18":"first","19":"outofstock","20":"taxable","21":"shipping-taxable","22":"purchasable","23":"product-type-simple"},"yoast_head":"<!-- This site is optimized with the Yoast SEO plugin v26.8 - https:\/\/yoast.com\/product\/yoast-seo-wordpress\/ -->\n<title>iPhone 13 Pro Max Batteria: compatibile, garantita, spedizione 24H<\/title>\n<meta name=\"description\" content=\"iPhone 13 Pro Max Batteria: compatibile e garantita. Prodotti di qualit\u00e0, disponibili con spedizione 24H. Entra e scopri tutti i prodotti!\" \/>\n<meta name=\"robots\" content=\"index, follow, max-snippet:-1, max-image-preview:large, max-video-preview:-1\" \/>\n<link rel=\"canonical\" href=\"https:\/\/www.smartexstore.it\/b2b\/prodotto\/batterie-compatibili\/iphone-batterie\/solo-batterie-iphone\/iphone-13-pro-max-batteria-black-label\/\" \/>\n<meta property=\"og:locale\" content=\"it_IT\" \/>\n<meta property=\"og:type\" content=\"article\" \/>\n<meta property=\"og:title\" content=\"iPhone 13 Pro Max Batteria: compatibile, garantita, spedizione 24H\" \/>\n<meta property=\"og:description\" content=\"iPhone 13 Pro Max Batteria: compatibile e garantita. Prodotti di qualit\u00e0, disponibili con spedizione 24H. Entra e scopri tutti i prodotti!\" \/>\n<meta property=\"og:url\" content=\"https:\/\/www.smartexstore.it\/b2b\/prodotto\/batterie-compatibili\/iphone-batterie\/solo-batterie-iphone\/iphone-13-pro-max-batteria-black-label\/\" \/>\n<meta property=\"og:site_name\" content=\"B2B Smartex Store\" \/>\n<meta property=\"article:publisher\" content=\"https:\/\/www.facebook.com\/smartexstore\/\" \/>\n<meta property=\"article:modified_time\" content=\"2026-02-16T10:39:05+00:00\" \/>\n<meta property=\"og:image\" content=\"https:\/\/www.smartexstore.it\/b2b\/wp-content\/uploads\/2022\/10\/13-Pro-Max-Front-1.jpg\" \/>\n\t<meta property=\"og:image:width\" content=\"1200\" \/>\n\t<meta property=\"og:image:height\" content=\"1200\" \/>\n\t<meta property=\"og:image:type\" content=\"image\/jpeg\" \/>\n<meta name=\"twitter:card\" content=\"summary_large_image\" \/>\n<meta name=\"twitter:label1\" content=\"Tempo di lettura stimato\" \/>\n\t<meta name=\"twitter:data1\" content=\"2 minuti\" \/>\n<script type=\"application\/ld+json\" class=\"yoast-schema-graph\">{\"@context\":\"https:\/\/schema.org\",\"@graph\":[{\"@type\":\"WebPage\",\"@id\":\"https:\/\/www.smartexstore.it\/b2b\/prodotto\/batterie-compatibili\/iphone-batterie\/solo-batterie-iphone\/iphone-13-pro-max-batteria-black-label\/\",\"url\":\"https:\/\/www.smartexstore.it\/b2b\/prodotto\/batterie-compatibili\/iphone-batterie\/solo-batterie-iphone\/iphone-13-pro-max-batteria-black-label\/\",\"name\":\"iPhone 13 Pro Max Batteria: compatibile, garantita, spedizione 24H\",\"isPartOf\":{\"@id\":\"https:\/\/www.smartexstore.it\/b2b\/#website\"},\"primaryImageOfPage\":{\"@id\":\"https:\/\/www.smartexstore.it\/b2b\/prodotto\/batterie-compatibili\/iphone-batterie\/solo-batterie-iphone\/iphone-13-pro-max-batteria-black-label\/#primaryimage\"},\"image\":{\"@id\":\"https:\/\/www.smartexstore.it\/b2b\/prodotto\/batterie-compatibili\/iphone-batterie\/solo-batterie-iphone\/iphone-13-pro-max-batteria-black-label\/#primaryimage\"},\"thumbnailUrl\":\"https:\/\/www.smartexstore.it\/b2b\/wp-content\/uploads\/2022\/10\/13-Pro-Max-Front-1.jpg\",\"datePublished\":\"2022-10-26T09:06:00+00:00\",\"dateModified\":\"2026-02-16T10:39:05+00:00\",\"description\":\"iPhone 13 Pro Max Batteria: compatibile e garantita. Prodotti di qualit\u00e0, disponibili con spedizione 24H. Entra e scopri tutti i prodotti!\",\"breadcrumb\":{\"@id\":\"https:\/\/www.smartexstore.it\/b2b\/prodotto\/batterie-compatibili\/iphone-batterie\/solo-batterie-iphone\/iphone-13-pro-max-batteria-black-label\/#breadcrumb\"},\"inLanguage\":\"it-IT\",\"potentialAction\":[{\"@type\":\"ReadAction\",\"target\":[\"https:\/\/www.smartexstore.it\/b2b\/prodotto\/batterie-compatibili\/iphone-batterie\/solo-batterie-iphone\/iphone-13-pro-max-batteria-black-label\/\"]}]},{\"@type\":\"ImageObject\",\"inLanguage\":\"it-IT\",\"@id\":\"https:\/\/www.smartexstore.it\/b2b\/prodotto\/batterie-compatibili\/iphone-batterie\/solo-batterie-iphone\/iphone-13-pro-max-batteria-black-label\/#primaryimage\",\"url\":\"https:\/\/www.smartexstore.it\/b2b\/wp-content\/uploads\/2022\/10\/13-Pro-Max-Front-1.jpg\",\"contentUrl\":\"https:\/\/www.smartexstore.it\/b2b\/wp-content\/uploads\/2022\/10\/13-Pro-Max-Front-1.jpg\",\"width\":1200,\"height\":1200,\"caption\":\"iPhone 13 Pro Max Batteria\"},{\"@type\":\"BreadcrumbList\",\"@id\":\"https:\/\/www.smartexstore.it\/b2b\/prodotto\/batterie-compatibili\/iphone-batterie\/solo-batterie-iphone\/iphone-13-pro-max-batteria-black-label\/#breadcrumb\",\"itemListElement\":[{\"@type\":\"ListItem\",\"position\":1,\"name\":\"Home\",\"item\":\"https:\/\/www.smartexstore.it\/b2b\/\"},{\"@type\":\"ListItem\",\"position\":2,\"name\":\"SHOP\",\"item\":\"https:\/\/www.smartexstore.it\/b2b\/\"},{\"@type\":\"ListItem\",\"position\":3,\"name\":\"iPhone 13 Pro Max Batteria Black Label\"}]},{\"@type\":\"WebSite\",\"@id\":\"https:\/\/www.smartexstore.it\/b2b\/#website\",\"url\":\"https:\/\/www.smartexstore.it\/b2b\/\",\"name\":\"B2B Smartex Store\",\"description\":\"Ricambi per cellulari e accessori telefonia\",\"publisher\":{\"@id\":\"https:\/\/www.smartexstore.it\/b2b\/#organization\"},\"potentialAction\":[{\"@type\":\"SearchAction\",\"target\":{\"@type\":\"EntryPoint\",\"urlTemplate\":\"https:\/\/www.smartexstore.it\/b2b\/?s={search_term_string}\"},\"query-input\":{\"@type\":\"PropertyValueSpecification\",\"valueRequired\":true,\"valueName\":\"search_term_string\"}}],\"inLanguage\":\"it-IT\"},{\"@type\":\"Organization\",\"@id\":\"https:\/\/www.smartexstore.it\/b2b\/#organization\",\"name\":\"Recomm Srl\",\"url\":\"https:\/\/www.smartexstore.it\/b2b\/\",\"logo\":{\"@type\":\"ImageObject\",\"inLanguage\":\"it-IT\",\"@id\":\"https:\/\/www.smartexstore.it\/b2b\/#\/schema\/logo\/image\/\",\"url\":\"https:\/\/www.smartexstore.it\/b2b\/wp-content\/uploads\/2017\/02\/logosmartex_b2b-1.svg\",\"contentUrl\":\"https:\/\/www.smartexstore.it\/b2b\/wp-content\/uploads\/2017\/02\/logosmartex_b2b-1.svg\",\"caption\":\"Recomm Srl\"},\"image\":{\"@id\":\"https:\/\/www.smartexstore.it\/b2b\/#\/schema\/logo\/image\/\"},\"sameAs\":[\"https:\/\/www.facebook.com\/smartexstore\/\",\"https:\/\/www.instagram.com\/smartex_store\/\",\"https:\/\/www.youtube.com\/channel\/UCOMoER_fh_Hu14voGrTGULg\"]}]}<\/script>\n<!-- \/ Yoast SEO plugin. -->","yoast_head_json":{"title":"iPhone 13 Pro Max Batteria: compatibile, garantita, spedizione 24H","description":"iPhone 13 Pro Max Batteria: compatibile e garantita. Prodotti di qualit\u00e0, disponibili con spedizione 24H. Entra e scopri tutti i prodotti!","robots":{"index":"index","follow":"follow","max-snippet":"max-snippet:-1","max-image-preview":"max-image-preview:large","max-video-preview":"max-video-preview:-1"},"canonical":"https:\/\/www.smartexstore.it\/b2b\/prodotto\/batterie-compatibili\/iphone-batterie\/solo-batterie-iphone\/iphone-13-pro-max-batteria-black-label\/","og_locale":"it_IT","og_type":"article","og_title":"iPhone 13 Pro Max Batteria: compatibile, garantita, spedizione 24H","og_description":"iPhone 13 Pro Max Batteria: compatibile e garantita. Prodotti di qualit\u00e0, disponibili con spedizione 24H. Entra e scopri tutti i prodotti!","og_url":"https:\/\/www.smartexstore.it\/b2b\/prodotto\/batterie-compatibili\/iphone-batterie\/solo-batterie-iphone\/iphone-13-pro-max-batteria-black-label\/","og_site_name":"B2B Smartex Store","article_publisher":"https:\/\/www.facebook.com\/smartexstore\/","article_modified_time":"2026-02-16T10:39:05+00:00","og_image":[{"width":1200,"height":1200,"url":"https:\/\/www.smartexstore.it\/b2b\/wp-content\/uploads\/2022\/10\/13-Pro-Max-Front-1.jpg","type":"image\/jpeg"}],"twitter_card":"summary_large_image","twitter_misc":{"Tempo di lettura stimato":"2 minuti"},"schema":{"@context":"https:\/\/schema.org","@graph":[{"@type":"WebPage","@id":"https:\/\/www.smartexstore.it\/b2b\/prodotto\/batterie-compatibili\/iphone-batterie\/solo-batterie-iphone\/iphone-13-pro-max-batteria-black-label\/","url":"https:\/\/www.smartexstore.it\/b2b\/prodotto\/batterie-compatibili\/iphone-batterie\/solo-batterie-iphone\/iphone-13-pro-max-batteria-black-label\/","name":"iPhone 13 Pro Max Batteria: compatibile, garantita, spedizione 24H","isPartOf":{"@id":"https:\/\/www.smartexstore.it\/b2b\/#website"},"primaryImageOfPage":{"@id":"https:\/\/www.smartexstore.it\/b2b\/prodotto\/batterie-compatibili\/iphone-batterie\/solo-batterie-iphone\/iphone-13-pro-max-batteria-black-label\/#primaryimage"},"image":{"@id":"https:\/\/www.smartexstore.it\/b2b\/prodotto\/batterie-compatibili\/iphone-batterie\/solo-batterie-iphone\/iphone-13-pro-max-batteria-black-label\/#primaryimage"},"thumbnailUrl":"https:\/\/www.smartexstore.it\/b2b\/wp-content\/uploads\/2022\/10\/13-Pro-Max-Front-1.jpg","datePublished":"2022-10-26T09:06:00+00:00","dateModified":"2026-02-16T10:39:05+00:00","description":"iPhone 13 Pro Max Batteria: compatibile e garantita. Prodotti di qualit\u00e0, disponibili con spedizione 24H. Entra e scopri tutti i prodotti!","breadcrumb":{"@id":"https:\/\/www.smartexstore.it\/b2b\/prodotto\/batterie-compatibili\/iphone-batterie\/solo-batterie-iphone\/iphone-13-pro-max-batteria-black-label\/#breadcrumb"},"inLanguage":"it-IT","potentialAction":[{"@type":"ReadAction","target":["https:\/\/www.smartexstore.it\/b2b\/prodotto\/batterie-compatibili\/iphone-batterie\/solo-batterie-iphone\/iphone-13-pro-max-batteria-black-label\/"]}]},{"@type":"ImageObject","inLanguage":"it-IT","@id":"https:\/\/www.smartexstore.it\/b2b\/prodotto\/batterie-compatibili\/iphone-batterie\/solo-batterie-iphone\/iphone-13-pro-max-batteria-black-label\/#primaryimage","url":"https:\/\/www.smartexstore.it\/b2b\/wp-content\/uploads\/2022\/10\/13-Pro-Max-Front-1.jpg","contentUrl":"https:\/\/www.smartexstore.it\/b2b\/wp-content\/uploads\/2022\/10\/13-Pro-Max-Front-1.jpg","width":1200,"height":1200,"caption":"iPhone 13 Pro Max Batteria"},{"@type":"BreadcrumbList","@id":"https:\/\/www.smartexstore.it\/b2b\/prodotto\/batterie-compatibili\/iphone-batterie\/solo-batterie-iphone\/iphone-13-pro-max-batteria-black-label\/#breadcrumb","itemListElement":[{"@type":"ListItem","position":1,"name":"Home","item":"https:\/\/www.smartexstore.it\/b2b\/"},{"@type":"ListItem","position":2,"name":"SHOP","item":"https:\/\/www.smartexstore.it\/b2b\/"},{"@type":"ListItem","position":3,"name":"iPhone 13 Pro Max Batteria Black Label"}]},{"@type":"WebSite","@id":"https:\/\/www.smartexstore.it\/b2b\/#website","url":"https:\/\/www.smartexstore.it\/b2b\/","name":"B2B Smartex Store","description":"Ricambi per cellulari e accessori telefonia","publisher":{"@id":"https:\/\/www.smartexstore.it\/b2b\/#organization"},"potentialAction":[{"@type":"SearchAction","target":{"@type":"EntryPoint","urlTemplate":"https:\/\/www.smartexstore.it\/b2b\/?s={search_term_string}"},"query-input":{"@type":"PropertyValueSpecification","valueRequired":true,"valueName":"search_term_string"}}],"inLanguage":"it-IT"},{"@type":"Organization","@id":"https:\/\/www.smartexstore.it\/b2b\/#organization","name":"Recomm Srl","url":"https:\/\/www.smartexstore.it\/b2b\/","logo":{"@type":"ImageObject","inLanguage":"it-IT","@id":"https:\/\/www.smartexstore.it\/b2b\/#\/schema\/logo\/image\/","url":"https:\/\/www.smartexstore.it\/b2b\/wp-content\/uploads\/2017\/02\/logosmartex_b2b-1.svg","contentUrl":"https:\/\/www.smartexstore.it\/b2b\/wp-content\/uploads\/2017\/02\/logosmartex_b2b-1.svg","caption":"Recomm Srl"},"image":{"@id":"https:\/\/www.smartexstore.it\/b2b\/#\/schema\/logo\/image\/"},"sameAs":["https:\/\/www.facebook.com\/smartexstore\/","https:\/\/www.instagram.com\/smartex_store\/","https:\/\/www.youtube.com\/channel\/UCOMoER_fh_Hu14voGrTGULg"]}]}},"_links":{"self":[{"href":"https:\/\/www.smartexstore.it\/b2b\/wp-json\/wp\/v2\/product\/134829","targetHints":{"allow":["GET"]}}],"collection":[{"href":"https:\/\/www.smartexstore.it\/b2b\/wp-json\/wp\/v2\/product"}],"about":[{"href":"https:\/\/www.smartexstore.it\/b2b\/wp-json\/wp\/v2\/types\/product"}],"replies":[{"embeddable":true,"href":"https:\/\/www.smartexstore.it\/b2b\/wp-json\/wp\/v2\/comments?post=134829"}],"wp:featuredmedia":[{"embeddable":true,"href":"https:\/\/www.smartexstore.it\/b2b\/wp-json\/wp\/v2\/media\/135583"}],"wp:attachment":[{"href":"https:\/\/www.smartexstore.it\/b2b\/wp-json\/wp\/v2\/media?parent=134829"}],"wp:term":[{"taxonomy":"product_brand","embeddable":true,"href":"https:\/\/www.smartexstore.it\/b2b\/wp-json\/wp\/v2\/product_brand?post=134829"},{"taxonomy":"product_cat","embeddable":true,"href":"https:\/\/www.smartexstore.it\/b2b\/wp-json\/wp\/v2\/product_cat?post=134829"},{"taxonomy":"product_tag","embeddable":true,"href":"https:\/\/www.smartexstore.it\/b2b\/wp-json\/wp\/v2\/product_tag?post=134829"}],"curies":[{"name":"wp","href":"https:\/\/api.w.org\/{rel}","templated":true}]}}