{"id":148321,"date":"2025-06-17T16:01:17","date_gmt":"2025-06-17T14:01:17","guid":{"rendered":"https:\/\/www.smartexstore.it\/b2b\/?post_type=product&#038;p=148321"},"modified":"2025-06-17T16:05:53","modified_gmt":"2025-06-17T14:05:53","slug":"sensore-di-prossimita-iphone-15-cavo-flex","status":"publish","type":"product","link":"https:\/\/www.smartexstore.it\/b2b\/prodotto\/altri-ricambi\/iphone-parti-interne\/sensore-prossimita\/sensore-di-prossimita-iphone-15-cavo-flex\/","title":{"rendered":"Sensore di prossimit\u00e0 iPhone 15 &#8211; Cavo flex"},"content":{"rendered":"<p>Sensore di prossimit\u00e0 iPhone 15 \u00e8 coperto da una garanzia di 12 mesi.<br \/>\nLa parte di ricambio compatibile sostituisce il Sensore di Prossimit\u00e0, tramite cavo flessibile.<\/p>\n<hr \/>\n<h5>Codici<\/h5>\n<p>I seguenti codici si trovano sul retro del vostro smartphone e rappresentano i modelli compatibili alla parte di ricambio:<\/p>\n<ul>\n<li>A2846, A3089, A3092, A3090<\/li>\n<\/ul>\n<hr \/>\n<h5>Perch\u00e9 sceglierla?<\/h5>\n<p>Tutte le parti di ricambio sono prodotte da fornitori terzisti certificati, rispettando gli alti livelli qualitativi che ci siamo prefissati. Infatti la produzione \u00e8 eseguita da aziende qualificate direttamente dai nostri ingegneri. Inoltre ogni anno sono eseguiti 2 sopralluoghi sulle linee di produzione, per verificare il rispetto degli standard qualitativi. I prodotti vengono singolarmente testati in fase di produzione. Oltre a questo, \u00e8 eseguita una seconda fase di test a campione presso i nostri magazzini.<\/p>\n<hr \/>\n<p>https:\/\/www.smartexstore.it\/b2b\/category\/notizie\/face-id-iphone-x-non-funziona-dopo-la-sostituzione-del-sensore-perche\/<\/p>\n<hr \/>\n<h5>Oltre al Sensore per iPhone 11 hai bisogno anche di altro?<\/h5>\n<p><strong><a href=\"https:\/\/www.smartexstore.it\/b2b\/tag-prodotto\/iphone-15\/\" target=\"_blank\" rel=\"noopener noreferrer\">Altri componenti e accessori per iPhone 15<\/a><\/strong><\/p>\n<hr \/>\n<p>Oltre al Sensore, nel nostro store potete trovare molte altre parti di ricambio.<br \/>\nAd esempio: Camera Posteriore, Connettore di Ricarica, Speaker Superiore\/Ear Speaker, Altoparlante inferiore\/Buzzer Speaker, Tasto Home, etc.<br \/>\nNel nostro store \u00e8 possibile acquistare anche display compatibili, rigenerati e In-Cell per i vari modelli iPhone.<br \/>\nScoprili tutti! &gt; <strong><a href=\"https:\/\/www.smartexstore.it\/b2b\/telefonia\/ricambi-per-apple\/display-iphone\/\">Clicca qua!<\/a><\/strong><\/p>\n<hr \/>\n<h5><a href=\"https:\/\/www.facebook.com\/smartexstore\/\" target=\"_blank\" rel=\"noopener noreferrer\">Seguici su Facebook<\/a><\/h5>\n","protected":false},"excerpt":{"rendered":"<p>Se concludi l\u2019acquisto entro le 16:00 ricevi il prodotto in 24 ore lavorative, isole e localit\u00e0 remote escluse<\/p>\n","protected":false},"featured_media":148323,"comment_status":"closed","ping_status":"closed","template":"","meta":{"inline_featured_image":false,"_exactmetrics_skip_tracking":false,"_exactmetrics_sitenote_active":false,"_exactmetrics_sitenote_note":"","_exactmetrics_sitenote_category":0},"product_brand":[],"product_cat":[866],"product_tag":[2801,3454,2803,2802,2201,2797],"class_list":{"0":"post-148321","1":"product","2":"type-product","3":"status-publish","4":"has-post-thumbnail","6":"product_cat-sensore-prossimita","7":"product_tag-a2846","8":"product_tag-a3089","9":"product_tag-a3090","10":"product_tag-a3092","11":"product_tag-apple","12":"product_tag-iphone-15","14":"first","15":"instock","16":"taxable","17":"shipping-taxable","18":"purchasable","19":"product-type-simple"},"yoast_head":"<!-- This site is optimized with the Yoast SEO plugin v26.8 - https:\/\/yoast.com\/product\/yoast-seo-wordpress\/ -->\n<title>Sensore di prossimit\u00e0 iPhone 15: compatibile, con spedizione 24H<\/title>\n<meta name=\"description\" content=\"Sensore di prossimit\u00e0 iPhone 15. Prodotti compatibili e di qualit\u00e0, disponibili con spedizione 24H. Entra e scopri tutti i prodotti!\" \/>\n<meta name=\"robots\" content=\"index, follow, max-snippet:-1, max-image-preview:large, max-video-preview:-1\" \/>\n<link rel=\"canonical\" href=\"https:\/\/www.smartexstore.it\/b2b\/prodotto\/altri-ricambi\/iphone-parti-interne\/sensore-prossimita\/sensore-di-prossimita-iphone-15-cavo-flex\/\" \/>\n<meta property=\"og:locale\" content=\"it_IT\" \/>\n<meta property=\"og:type\" content=\"article\" \/>\n<meta property=\"og:title\" content=\"Sensore di prossimit\u00e0 iPhone 15: compatibile, con spedizione 24H\" \/>\n<meta property=\"og:description\" content=\"Sensore di prossimit\u00e0 iPhone 15. Prodotti compatibili e di qualit\u00e0, disponibili con spedizione 24H. Entra e scopri tutti i prodotti!\" \/>\n<meta property=\"og:url\" content=\"https:\/\/www.smartexstore.it\/b2b\/prodotto\/altri-ricambi\/iphone-parti-interne\/sensore-prossimita\/sensore-di-prossimita-iphone-15-cavo-flex\/\" \/>\n<meta property=\"og:site_name\" content=\"B2B Smartex Store\" \/>\n<meta property=\"article:publisher\" content=\"https:\/\/www.facebook.com\/smartexstore\/\" \/>\n<meta property=\"article:modified_time\" content=\"2025-06-17T14:05:53+00:00\" \/>\n<meta property=\"og:image\" content=\"https:\/\/www.smartexstore.it\/b2b\/wp-content\/uploads\/2025\/06\/15-Front.jpg\" \/>\n\t<meta property=\"og:image:width\" content=\"1580\" \/>\n\t<meta property=\"og:image:height\" content=\"1486\" \/>\n\t<meta property=\"og:image:type\" content=\"image\/jpeg\" \/>\n<meta name=\"twitter:card\" content=\"summary_large_image\" \/>\n<meta name=\"twitter:label1\" content=\"Tempo di lettura stimato\" \/>\n\t<meta name=\"twitter:data1\" content=\"2 minuti\" \/>\n<script type=\"application\/ld+json\" class=\"yoast-schema-graph\">{\"@context\":\"https:\/\/schema.org\",\"@graph\":[{\"@type\":\"WebPage\",\"@id\":\"https:\/\/www.smartexstore.it\/b2b\/prodotto\/altri-ricambi\/iphone-parti-interne\/sensore-prossimita\/sensore-di-prossimita-iphone-15-cavo-flex\/\",\"url\":\"https:\/\/www.smartexstore.it\/b2b\/prodotto\/altri-ricambi\/iphone-parti-interne\/sensore-prossimita\/sensore-di-prossimita-iphone-15-cavo-flex\/\",\"name\":\"Sensore di prossimit\u00e0 iPhone 15: compatibile, con spedizione 24H\",\"isPartOf\":{\"@id\":\"https:\/\/www.smartexstore.it\/b2b\/#website\"},\"primaryImageOfPage\":{\"@id\":\"https:\/\/www.smartexstore.it\/b2b\/prodotto\/altri-ricambi\/iphone-parti-interne\/sensore-prossimita\/sensore-di-prossimita-iphone-15-cavo-flex\/#primaryimage\"},\"image\":{\"@id\":\"https:\/\/www.smartexstore.it\/b2b\/prodotto\/altri-ricambi\/iphone-parti-interne\/sensore-prossimita\/sensore-di-prossimita-iphone-15-cavo-flex\/#primaryimage\"},\"thumbnailUrl\":\"https:\/\/www.smartexstore.it\/b2b\/wp-content\/uploads\/2025\/06\/15-Front.jpg\",\"datePublished\":\"2025-06-17T14:01:17+00:00\",\"dateModified\":\"2025-06-17T14:05:53+00:00\",\"description\":\"Sensore di prossimit\u00e0 iPhone 15. Prodotti compatibili e di qualit\u00e0, disponibili con spedizione 24H. Entra e scopri tutti i prodotti!\",\"breadcrumb\":{\"@id\":\"https:\/\/www.smartexstore.it\/b2b\/prodotto\/altri-ricambi\/iphone-parti-interne\/sensore-prossimita\/sensore-di-prossimita-iphone-15-cavo-flex\/#breadcrumb\"},\"inLanguage\":\"it-IT\",\"potentialAction\":[{\"@type\":\"ReadAction\",\"target\":[\"https:\/\/www.smartexstore.it\/b2b\/prodotto\/altri-ricambi\/iphone-parti-interne\/sensore-prossimita\/sensore-di-prossimita-iphone-15-cavo-flex\/\"]}]},{\"@type\":\"ImageObject\",\"inLanguage\":\"it-IT\",\"@id\":\"https:\/\/www.smartexstore.it\/b2b\/prodotto\/altri-ricambi\/iphone-parti-interne\/sensore-prossimita\/sensore-di-prossimita-iphone-15-cavo-flex\/#primaryimage\",\"url\":\"https:\/\/www.smartexstore.it\/b2b\/wp-content\/uploads\/2025\/06\/15-Front.jpg\",\"contentUrl\":\"https:\/\/www.smartexstore.it\/b2b\/wp-content\/uploads\/2025\/06\/15-Front.jpg\",\"width\":1580,\"height\":1486,\"caption\":\"Sensore di prossimit\u00e0 iPhone 15\"},{\"@type\":\"BreadcrumbList\",\"@id\":\"https:\/\/www.smartexstore.it\/b2b\/prodotto\/altri-ricambi\/iphone-parti-interne\/sensore-prossimita\/sensore-di-prossimita-iphone-15-cavo-flex\/#breadcrumb\",\"itemListElement\":[{\"@type\":\"ListItem\",\"position\":1,\"name\":\"Home\",\"item\":\"https:\/\/www.smartexstore.it\/b2b\/\"},{\"@type\":\"ListItem\",\"position\":2,\"name\":\"SHOP\",\"item\":\"https:\/\/www.smartexstore.it\/b2b\/\"},{\"@type\":\"ListItem\",\"position\":3,\"name\":\"Sensore di prossimit\u00e0 iPhone 15 &#8211; Cavo flex\"}]},{\"@type\":\"WebSite\",\"@id\":\"https:\/\/www.smartexstore.it\/b2b\/#website\",\"url\":\"https:\/\/www.smartexstore.it\/b2b\/\",\"name\":\"B2B Smartex Store\",\"description\":\"Ricambi per cellulari e accessori telefonia\",\"publisher\":{\"@id\":\"https:\/\/www.smartexstore.it\/b2b\/#organization\"},\"potentialAction\":[{\"@type\":\"SearchAction\",\"target\":{\"@type\":\"EntryPoint\",\"urlTemplate\":\"https:\/\/www.smartexstore.it\/b2b\/?s={search_term_string}\"},\"query-input\":{\"@type\":\"PropertyValueSpecification\",\"valueRequired\":true,\"valueName\":\"search_term_string\"}}],\"inLanguage\":\"it-IT\"},{\"@type\":\"Organization\",\"@id\":\"https:\/\/www.smartexstore.it\/b2b\/#organization\",\"name\":\"Recomm Srl\",\"url\":\"https:\/\/www.smartexstore.it\/b2b\/\",\"logo\":{\"@type\":\"ImageObject\",\"inLanguage\":\"it-IT\",\"@id\":\"https:\/\/www.smartexstore.it\/b2b\/#\/schema\/logo\/image\/\",\"url\":\"https:\/\/www.smartexstore.it\/b2b\/wp-content\/uploads\/2017\/02\/logosmartex_b2b-1.svg\",\"contentUrl\":\"https:\/\/www.smartexstore.it\/b2b\/wp-content\/uploads\/2017\/02\/logosmartex_b2b-1.svg\",\"caption\":\"Recomm Srl\"},\"image\":{\"@id\":\"https:\/\/www.smartexstore.it\/b2b\/#\/schema\/logo\/image\/\"},\"sameAs\":[\"https:\/\/www.facebook.com\/smartexstore\/\",\"https:\/\/www.instagram.com\/smartex_store\/\",\"https:\/\/www.youtube.com\/channel\/UCOMoER_fh_Hu14voGrTGULg\"]}]}<\/script>\n<!-- \/ Yoast SEO plugin. -->","yoast_head_json":{"title":"Sensore di prossimit\u00e0 iPhone 15: compatibile, con spedizione 24H","description":"Sensore di prossimit\u00e0 iPhone 15. Prodotti compatibili e di qualit\u00e0, disponibili con spedizione 24H. Entra e scopri tutti i prodotti!","robots":{"index":"index","follow":"follow","max-snippet":"max-snippet:-1","max-image-preview":"max-image-preview:large","max-video-preview":"max-video-preview:-1"},"canonical":"https:\/\/www.smartexstore.it\/b2b\/prodotto\/altri-ricambi\/iphone-parti-interne\/sensore-prossimita\/sensore-di-prossimita-iphone-15-cavo-flex\/","og_locale":"it_IT","og_type":"article","og_title":"Sensore di prossimit\u00e0 iPhone 15: compatibile, con spedizione 24H","og_description":"Sensore di prossimit\u00e0 iPhone 15. Prodotti compatibili e di qualit\u00e0, disponibili con spedizione 24H. Entra e scopri tutti i prodotti!","og_url":"https:\/\/www.smartexstore.it\/b2b\/prodotto\/altri-ricambi\/iphone-parti-interne\/sensore-prossimita\/sensore-di-prossimita-iphone-15-cavo-flex\/","og_site_name":"B2B Smartex Store","article_publisher":"https:\/\/www.facebook.com\/smartexstore\/","article_modified_time":"2025-06-17T14:05:53+00:00","og_image":[{"width":1580,"height":1486,"url":"https:\/\/www.smartexstore.it\/b2b\/wp-content\/uploads\/2025\/06\/15-Front.jpg","type":"image\/jpeg"}],"twitter_card":"summary_large_image","twitter_misc":{"Tempo di lettura stimato":"2 minuti"},"schema":{"@context":"https:\/\/schema.org","@graph":[{"@type":"WebPage","@id":"https:\/\/www.smartexstore.it\/b2b\/prodotto\/altri-ricambi\/iphone-parti-interne\/sensore-prossimita\/sensore-di-prossimita-iphone-15-cavo-flex\/","url":"https:\/\/www.smartexstore.it\/b2b\/prodotto\/altri-ricambi\/iphone-parti-interne\/sensore-prossimita\/sensore-di-prossimita-iphone-15-cavo-flex\/","name":"Sensore di prossimit\u00e0 iPhone 15: compatibile, con spedizione 24H","isPartOf":{"@id":"https:\/\/www.smartexstore.it\/b2b\/#website"},"primaryImageOfPage":{"@id":"https:\/\/www.smartexstore.it\/b2b\/prodotto\/altri-ricambi\/iphone-parti-interne\/sensore-prossimita\/sensore-di-prossimita-iphone-15-cavo-flex\/#primaryimage"},"image":{"@id":"https:\/\/www.smartexstore.it\/b2b\/prodotto\/altri-ricambi\/iphone-parti-interne\/sensore-prossimita\/sensore-di-prossimita-iphone-15-cavo-flex\/#primaryimage"},"thumbnailUrl":"https:\/\/www.smartexstore.it\/b2b\/wp-content\/uploads\/2025\/06\/15-Front.jpg","datePublished":"2025-06-17T14:01:17+00:00","dateModified":"2025-06-17T14:05:53+00:00","description":"Sensore di prossimit\u00e0 iPhone 15. Prodotti compatibili e di qualit\u00e0, disponibili con spedizione 24H. Entra e scopri tutti i prodotti!","breadcrumb":{"@id":"https:\/\/www.smartexstore.it\/b2b\/prodotto\/altri-ricambi\/iphone-parti-interne\/sensore-prossimita\/sensore-di-prossimita-iphone-15-cavo-flex\/#breadcrumb"},"inLanguage":"it-IT","potentialAction":[{"@type":"ReadAction","target":["https:\/\/www.smartexstore.it\/b2b\/prodotto\/altri-ricambi\/iphone-parti-interne\/sensore-prossimita\/sensore-di-prossimita-iphone-15-cavo-flex\/"]}]},{"@type":"ImageObject","inLanguage":"it-IT","@id":"https:\/\/www.smartexstore.it\/b2b\/prodotto\/altri-ricambi\/iphone-parti-interne\/sensore-prossimita\/sensore-di-prossimita-iphone-15-cavo-flex\/#primaryimage","url":"https:\/\/www.smartexstore.it\/b2b\/wp-content\/uploads\/2025\/06\/15-Front.jpg","contentUrl":"https:\/\/www.smartexstore.it\/b2b\/wp-content\/uploads\/2025\/06\/15-Front.jpg","width":1580,"height":1486,"caption":"Sensore di prossimit\u00e0 iPhone 15"},{"@type":"BreadcrumbList","@id":"https:\/\/www.smartexstore.it\/b2b\/prodotto\/altri-ricambi\/iphone-parti-interne\/sensore-prossimita\/sensore-di-prossimita-iphone-15-cavo-flex\/#breadcrumb","itemListElement":[{"@type":"ListItem","position":1,"name":"Home","item":"https:\/\/www.smartexstore.it\/b2b\/"},{"@type":"ListItem","position":2,"name":"SHOP","item":"https:\/\/www.smartexstore.it\/b2b\/"},{"@type":"ListItem","position":3,"name":"Sensore di prossimit\u00e0 iPhone 15 &#8211; Cavo flex"}]},{"@type":"WebSite","@id":"https:\/\/www.smartexstore.it\/b2b\/#website","url":"https:\/\/www.smartexstore.it\/b2b\/","name":"B2B Smartex Store","description":"Ricambi per cellulari e accessori telefonia","publisher":{"@id":"https:\/\/www.smartexstore.it\/b2b\/#organization"},"potentialAction":[{"@type":"SearchAction","target":{"@type":"EntryPoint","urlTemplate":"https:\/\/www.smartexstore.it\/b2b\/?s={search_term_string}"},"query-input":{"@type":"PropertyValueSpecification","valueRequired":true,"valueName":"search_term_string"}}],"inLanguage":"it-IT"},{"@type":"Organization","@id":"https:\/\/www.smartexstore.it\/b2b\/#organization","name":"Recomm Srl","url":"https:\/\/www.smartexstore.it\/b2b\/","logo":{"@type":"ImageObject","inLanguage":"it-IT","@id":"https:\/\/www.smartexstore.it\/b2b\/#\/schema\/logo\/image\/","url":"https:\/\/www.smartexstore.it\/b2b\/wp-content\/uploads\/2017\/02\/logosmartex_b2b-1.svg","contentUrl":"https:\/\/www.smartexstore.it\/b2b\/wp-content\/uploads\/2017\/02\/logosmartex_b2b-1.svg","caption":"Recomm Srl"},"image":{"@id":"https:\/\/www.smartexstore.it\/b2b\/#\/schema\/logo\/image\/"},"sameAs":["https:\/\/www.facebook.com\/smartexstore\/","https:\/\/www.instagram.com\/smartex_store\/","https:\/\/www.youtube.com\/channel\/UCOMoER_fh_Hu14voGrTGULg"]}]}},"_links":{"self":[{"href":"https:\/\/www.smartexstore.it\/b2b\/wp-json\/wp\/v2\/product\/148321","targetHints":{"allow":["GET"]}}],"collection":[{"href":"https:\/\/www.smartexstore.it\/b2b\/wp-json\/wp\/v2\/product"}],"about":[{"href":"https:\/\/www.smartexstore.it\/b2b\/wp-json\/wp\/v2\/types\/product"}],"replies":[{"embeddable":true,"href":"https:\/\/www.smartexstore.it\/b2b\/wp-json\/wp\/v2\/comments?post=148321"}],"wp:featuredmedia":[{"embeddable":true,"href":"https:\/\/www.smartexstore.it\/b2b\/wp-json\/wp\/v2\/media\/148323"}],"wp:attachment":[{"href":"https:\/\/www.smartexstore.it\/b2b\/wp-json\/wp\/v2\/media?parent=148321"}],"wp:term":[{"taxonomy":"product_brand","embeddable":true,"href":"https:\/\/www.smartexstore.it\/b2b\/wp-json\/wp\/v2\/product_brand?post=148321"},{"taxonomy":"product_cat","embeddable":true,"href":"https:\/\/www.smartexstore.it\/b2b\/wp-json\/wp\/v2\/product_cat?post=148321"},{"taxonomy":"product_tag","embeddable":true,"href":"https:\/\/www.smartexstore.it\/b2b\/wp-json\/wp\/v2\/product_tag?post=148321"}],"curies":[{"name":"wp","href":"https:\/\/api.w.org\/{rel}","templated":true}]}}