{"id":25501,"date":"2020-01-15T16:29:53","date_gmt":"2020-01-15T15:29:53","guid":{"rendered":"https:\/\/www.smartexstore.it\/b2b\/?post_type=product&#038;p=25501"},"modified":"2026-01-09T11:45:28","modified_gmt":"2026-01-09T10:45:28","slug":"tasto-home-con-sensore-di-gravita-per-iphone-7-7-plus-8-8-plus-nero","status":"publish","type":"product","link":"https:\/\/www.smartexstore.it\/b2b\/prodotto\/altri-ricambi\/iphone-parti-interne\/tasto-home-iphone\/tasto-home-con-sensore-di-gravita-per-iphone-7-7-plus-8-8-plus-nero\/","title":{"rendered":"Tasto Home con sensore di gravit\u00e0 per iPhone 7, 7 Plus, 8, 8 Plus &#8211; Nero"},"content":{"rendered":"<p>Tasto Home con sensore di gravit\u00e0 per iPhone 7, 7 Plus, 8, 8 Plus \u00e8 coperto da una garanzia di 12 mesi.<br \/>\nNovit\u00e0! Tasto Home di <em>3\u00b0 generazione<\/em>!<br \/>\nLa parte di ricambio compatibile con iPhone 7, 7 Plus, 8, 8 Plus sostituisce il pulsante Home e il sensore di gravit\u00e0: il tasto home vibra se premuto.<br \/>\nNO funzione Touch ID \/ Impronte digitale<\/p>\n<p>Colore: Nero<\/p>\n<hr \/>\n<h5>Codici<\/h5>\n<p>I seguenti codici si trovano sul retro del vostro smartphone e rappresentano i modelli compatibili alla parte di ricambio:<\/p>\n<ul>\n<li><strong>iPhone 7 <\/strong>(A1660, A1778, A1779)<\/li>\n<li><strong>iPhone 7 Plus <\/strong>(A1661, A1784, A1785)<\/li>\n<li><strong>iPhone 8<\/strong> (A1863, A1905, A1906 )<\/li>\n<li><strong>iPhone 8 Plus <\/strong>(A1864, A1897, A1898)<\/li>\n<\/ul>\n<hr \/>\n<h5>Perch\u00e9 sceglierla?<\/h5>\n<p>Tutte le parti di ricambio sono prodotte da fornitori terzisti certificati, rispettando gli alti livelli qualitativi che ci siamo prefissati. Infatti la produzione \u00e8 eseguita da aziende qualificate direttamente dai nostri ingegneri. Inoltre ogni anno sono eseguiti 2 sopralluoghi sulle linee di produzione, per verificare il rispetto degli standard qualitativi. I prodotti vengono singolarmente testati in fase di produzione. Oltre a questo, \u00e8 eseguita una seconda fase di test a campione presso i nostri magazzini.<\/p>\n<hr \/>\n<h5>Oltre al Tasto Home hai bisogno anche di altro?<\/h5>\n<p><strong><a href=\"https:\/\/www.smartexstore.it\/b2b\/tag-prodotto\/iphone-7\/\" target=\"_blank\" rel=\"noopener noreferrer\">Altri componenti e accessori per iPhone 7<\/a><\/strong><\/p>\n<p><strong><a href=\"https:\/\/www.smartexstore.it\/b2b\/tag-prodotto\/iphone-7-plus\/\" target=\"_blank\" rel=\"noopener noreferrer\">Altri componenti e accessori per iPhone 7 Plus<\/a><\/strong><\/p>\n<p><strong><a href=\"https:\/\/www.smartexstore.it\/b2b\/tag-prodotto\/iphone-8\/\" target=\"_blank\" rel=\"noopener noreferrer\">Altri componenti e accessori per iPhone 8<\/a><\/strong><\/p>\n<p><strong><a href=\"https:\/\/www.smartexstore.it\/b2b\/tag-prodotto\/iphone-8-plus\/\" target=\"_blank\" rel=\"noopener noreferrer\">Altri componenti e accessori per iPhone 8 Plus<\/a><\/strong><\/p>\n<hr \/>\n<h5>Mai pi\u00f9 schermo graffiato!<br \/>\nAbbiamo la soluzione: nuova tecnologia Nanofilm a triplo strato<\/h5>\n<p>Sul nostro store potete trovare anche il <a href=\"https:\/\/www.smartexstore.it\/b2b\/telefonia\/pellicola-protettiva\/\"><strong>Nanofilm<\/strong> <\/a>con tecnologia a triplo strato. L\u2019utilizzo di questo accessorio riduce notevolmente la probabilit\u00e0 di danneggiamento del vostro display.<br \/>\nIn particolare il Nanofilm fornisce al vostro <strong>LCD<\/strong> una protezione superiore a quella dei pi\u00f9 robusto vetri temperati. Il Nanofilm a <strong>3 strati<\/strong> sfrutta il principio fisico dei vetri antiproiettile: l\u2019energia dell\u2019urto \u00e9 scaricata fra i singoli strati, minimizzandone l\u2019effetto sul display.<\/p>\n<hr \/>\n<h5><span style=\"color: #000000;\">Per saperne di pi\u00f9, ti consigliamo di leggere il seguente articolo<\/span><\/h5>\n<blockquote class=\"wp-embedded-content\" data-secret=\"ErDAoWKBC6\"><p><a href=\"https:\/\/www.smartexstore.it\/b2b\/category\/notizie\/tasto-home-iphone-non-funziona-ecco-cosa-devi-sapere\/\">Tasto home iPhone non funziona: ecco cosa devi sapere!<\/a><\/p><\/blockquote>\n<hr \/>\n<h5><a href=\"https:\/\/www.facebook.com\/smartexstore\/\" target=\"_blank\" rel=\"noopener noreferrer\">Seguici su Facebook<\/a><\/h5>\n","protected":false},"excerpt":{"rendered":"<p>Se concludi l\u2019acquisto entro le 16:00 ricevi il prodotto in 24 ore lavorative, isole e localit\u00e0 remote escluse<\/p>\n","protected":false},"featured_media":25553,"comment_status":"open","ping_status":"closed","template":"","meta":{"inline_featured_image":false,"_exactmetrics_skip_tracking":false,"_exactmetrics_sitenote_active":false,"_exactmetrics_sitenote_note":"","_exactmetrics_sitenote_category":0},"product_brand":[],"product_cat":[75],"product_tag":[772,775,773,774,776,777,778,781,782,783,779,780,2201,138,139,141,142],"class_list":{"0":"post-25501","1":"product","2":"type-product","3":"status-publish","4":"has-post-thumbnail","6":"product_cat-tasto-home-iphone","7":"product_tag-a1660","8":"product_tag-a1661","9":"product_tag-a1778","10":"product_tag-a1779","11":"product_tag-a1784","12":"product_tag-a1785","13":"product_tag-a1863","14":"product_tag-a1864","15":"product_tag-a1897","16":"product_tag-a1898","17":"product_tag-a1905","18":"product_tag-a1906","19":"product_tag-apple","20":"product_tag-iphone-7","21":"product_tag-iphone-7-plus","22":"product_tag-iphone-8","23":"product_tag-iphone-8-plus","25":"first","26":"outofstock","27":"taxable","28":"shipping-taxable","29":"purchasable","30":"product-type-simple"},"yoast_head":"<!-- This site is optimized with the Yoast SEO plugin v26.8 - https:\/\/yoast.com\/product\/yoast-seo-wordpress\/ -->\n<title>Tasto Home per iPhone 7, 7 Plus, 8, 8 Plus: compatibile, spedizione 24H<\/title>\n<meta name=\"description\" content=\"Tasto Home per iPhone 7, 7 Plus, 8, 8 Plus con sensore di gravit\u00e0, di terza generazione! Prodotti di qualit\u00e0. Entra e scoprili tutti!\" \/>\n<meta name=\"robots\" content=\"index, follow, max-snippet:-1, max-image-preview:large, max-video-preview:-1\" \/>\n<link rel=\"canonical\" href=\"https:\/\/www.smartexstore.it\/b2b\/prodotto\/altri-ricambi\/iphone-parti-interne\/tasto-home-iphone\/tasto-home-con-sensore-di-gravita-per-iphone-7-7-plus-8-8-plus-nero\/\" \/>\n<meta property=\"og:locale\" content=\"it_IT\" \/>\n<meta property=\"og:type\" content=\"article\" \/>\n<meta property=\"og:title\" content=\"Tasto Home per iPhone 7, 7 Plus, 8, 8 Plus: compatibile, spedizione 24H\" \/>\n<meta property=\"og:description\" content=\"Tasto Home per iPhone 7, 7 Plus, 8, 8 Plus con sensore di gravit\u00e0, di terza generazione! Prodotti di qualit\u00e0. Entra e scoprili tutti!\" \/>\n<meta property=\"og:url\" content=\"https:\/\/www.smartexstore.it\/b2b\/prodotto\/altri-ricambi\/iphone-parti-interne\/tasto-home-iphone\/tasto-home-con-sensore-di-gravita-per-iphone-7-7-plus-8-8-plus-nero\/\" \/>\n<meta property=\"og:site_name\" content=\"B2B Smartex Store\" \/>\n<meta property=\"article:publisher\" content=\"https:\/\/www.facebook.com\/smartexstore\/\" \/>\n<meta property=\"article:modified_time\" content=\"2026-01-09T10:45:28+00:00\" \/>\n<meta property=\"og:image\" content=\"https:\/\/www.smartexstore.it\/b2b\/wp-content\/uploads\/2020\/01\/Home-black-Front3.jpg\" \/>\n\t<meta property=\"og:image:width\" content=\"1256\" \/>\n\t<meta property=\"og:image:height\" content=\"1252\" \/>\n\t<meta property=\"og:image:type\" content=\"image\/jpeg\" \/>\n<meta name=\"twitter:card\" content=\"summary_large_image\" \/>\n<meta name=\"twitter:label1\" content=\"Tempo di lettura stimato\" \/>\n\t<meta name=\"twitter:data1\" content=\"2 minuti\" \/>\n<script type=\"application\/ld+json\" class=\"yoast-schema-graph\">{\"@context\":\"https:\/\/schema.org\",\"@graph\":[{\"@type\":\"WebPage\",\"@id\":\"https:\/\/www.smartexstore.it\/b2b\/prodotto\/altri-ricambi\/iphone-parti-interne\/tasto-home-iphone\/tasto-home-con-sensore-di-gravita-per-iphone-7-7-plus-8-8-plus-nero\/\",\"url\":\"https:\/\/www.smartexstore.it\/b2b\/prodotto\/altri-ricambi\/iphone-parti-interne\/tasto-home-iphone\/tasto-home-con-sensore-di-gravita-per-iphone-7-7-plus-8-8-plus-nero\/\",\"name\":\"Tasto Home per iPhone 7, 7 Plus, 8, 8 Plus: compatibile, spedizione 24H\",\"isPartOf\":{\"@id\":\"https:\/\/www.smartexstore.it\/b2b\/#website\"},\"primaryImageOfPage\":{\"@id\":\"https:\/\/www.smartexstore.it\/b2b\/prodotto\/altri-ricambi\/iphone-parti-interne\/tasto-home-iphone\/tasto-home-con-sensore-di-gravita-per-iphone-7-7-plus-8-8-plus-nero\/#primaryimage\"},\"image\":{\"@id\":\"https:\/\/www.smartexstore.it\/b2b\/prodotto\/altri-ricambi\/iphone-parti-interne\/tasto-home-iphone\/tasto-home-con-sensore-di-gravita-per-iphone-7-7-plus-8-8-plus-nero\/#primaryimage\"},\"thumbnailUrl\":\"https:\/\/www.smartexstore.it\/b2b\/wp-content\/uploads\/2020\/01\/Home-black-Front3.jpg\",\"datePublished\":\"2020-01-15T15:29:53+00:00\",\"dateModified\":\"2026-01-09T10:45:28+00:00\",\"description\":\"Tasto Home per iPhone 7, 7 Plus, 8, 8 Plus con sensore di gravit\u00e0, di terza generazione! Prodotti di qualit\u00e0. Entra e scoprili tutti!\",\"breadcrumb\":{\"@id\":\"https:\/\/www.smartexstore.it\/b2b\/prodotto\/altri-ricambi\/iphone-parti-interne\/tasto-home-iphone\/tasto-home-con-sensore-di-gravita-per-iphone-7-7-plus-8-8-plus-nero\/#breadcrumb\"},\"inLanguage\":\"it-IT\",\"potentialAction\":[{\"@type\":\"ReadAction\",\"target\":[\"https:\/\/www.smartexstore.it\/b2b\/prodotto\/altri-ricambi\/iphone-parti-interne\/tasto-home-iphone\/tasto-home-con-sensore-di-gravita-per-iphone-7-7-plus-8-8-plus-nero\/\"]}]},{\"@type\":\"ImageObject\",\"inLanguage\":\"it-IT\",\"@id\":\"https:\/\/www.smartexstore.it\/b2b\/prodotto\/altri-ricambi\/iphone-parti-interne\/tasto-home-iphone\/tasto-home-con-sensore-di-gravita-per-iphone-7-7-plus-8-8-plus-nero\/#primaryimage\",\"url\":\"https:\/\/www.smartexstore.it\/b2b\/wp-content\/uploads\/2020\/01\/Home-black-Front3.jpg\",\"contentUrl\":\"https:\/\/www.smartexstore.it\/b2b\/wp-content\/uploads\/2020\/01\/Home-black-Front3.jpg\",\"width\":1256,\"height\":1252,\"caption\":\"Tasto Home per iPhone\"},{\"@type\":\"BreadcrumbList\",\"@id\":\"https:\/\/www.smartexstore.it\/b2b\/prodotto\/altri-ricambi\/iphone-parti-interne\/tasto-home-iphone\/tasto-home-con-sensore-di-gravita-per-iphone-7-7-plus-8-8-plus-nero\/#breadcrumb\",\"itemListElement\":[{\"@type\":\"ListItem\",\"position\":1,\"name\":\"Home\",\"item\":\"https:\/\/www.smartexstore.it\/b2b\/\"},{\"@type\":\"ListItem\",\"position\":2,\"name\":\"SHOP\",\"item\":\"https:\/\/www.smartexstore.it\/b2b\/\"},{\"@type\":\"ListItem\",\"position\":3,\"name\":\"Tasto Home con sensore di gravit\u00e0 per iPhone 7, 7 Plus, 8, 8 Plus &#8211; Nero\"}]},{\"@type\":\"WebSite\",\"@id\":\"https:\/\/www.smartexstore.it\/b2b\/#website\",\"url\":\"https:\/\/www.smartexstore.it\/b2b\/\",\"name\":\"B2B Smartex Store\",\"description\":\"Ricambi per cellulari e accessori telefonia\",\"publisher\":{\"@id\":\"https:\/\/www.smartexstore.it\/b2b\/#organization\"},\"potentialAction\":[{\"@type\":\"SearchAction\",\"target\":{\"@type\":\"EntryPoint\",\"urlTemplate\":\"https:\/\/www.smartexstore.it\/b2b\/?s={search_term_string}\"},\"query-input\":{\"@type\":\"PropertyValueSpecification\",\"valueRequired\":true,\"valueName\":\"search_term_string\"}}],\"inLanguage\":\"it-IT\"},{\"@type\":\"Organization\",\"@id\":\"https:\/\/www.smartexstore.it\/b2b\/#organization\",\"name\":\"Recomm Srl\",\"url\":\"https:\/\/www.smartexstore.it\/b2b\/\",\"logo\":{\"@type\":\"ImageObject\",\"inLanguage\":\"it-IT\",\"@id\":\"https:\/\/www.smartexstore.it\/b2b\/#\/schema\/logo\/image\/\",\"url\":\"https:\/\/www.smartexstore.it\/b2b\/wp-content\/uploads\/2017\/02\/logosmartex_b2b-1.svg\",\"contentUrl\":\"https:\/\/www.smartexstore.it\/b2b\/wp-content\/uploads\/2017\/02\/logosmartex_b2b-1.svg\",\"caption\":\"Recomm Srl\"},\"image\":{\"@id\":\"https:\/\/www.smartexstore.it\/b2b\/#\/schema\/logo\/image\/\"},\"sameAs\":[\"https:\/\/www.facebook.com\/smartexstore\/\",\"https:\/\/www.instagram.com\/smartex_store\/\",\"https:\/\/www.youtube.com\/channel\/UCOMoER_fh_Hu14voGrTGULg\"]}]}<\/script>\n<!-- \/ Yoast SEO plugin. -->","yoast_head_json":{"title":"Tasto Home per iPhone 7, 7 Plus, 8, 8 Plus: compatibile, spedizione 24H","description":"Tasto Home per iPhone 7, 7 Plus, 8, 8 Plus con sensore di gravit\u00e0, di terza generazione! Prodotti di qualit\u00e0. Entra e scoprili tutti!","robots":{"index":"index","follow":"follow","max-snippet":"max-snippet:-1","max-image-preview":"max-image-preview:large","max-video-preview":"max-video-preview:-1"},"canonical":"https:\/\/www.smartexstore.it\/b2b\/prodotto\/altri-ricambi\/iphone-parti-interne\/tasto-home-iphone\/tasto-home-con-sensore-di-gravita-per-iphone-7-7-plus-8-8-plus-nero\/","og_locale":"it_IT","og_type":"article","og_title":"Tasto Home per iPhone 7, 7 Plus, 8, 8 Plus: compatibile, spedizione 24H","og_description":"Tasto Home per iPhone 7, 7 Plus, 8, 8 Plus con sensore di gravit\u00e0, di terza generazione! Prodotti di qualit\u00e0. Entra e scoprili tutti!","og_url":"https:\/\/www.smartexstore.it\/b2b\/prodotto\/altri-ricambi\/iphone-parti-interne\/tasto-home-iphone\/tasto-home-con-sensore-di-gravita-per-iphone-7-7-plus-8-8-plus-nero\/","og_site_name":"B2B Smartex Store","article_publisher":"https:\/\/www.facebook.com\/smartexstore\/","article_modified_time":"2026-01-09T10:45:28+00:00","og_image":[{"width":1256,"height":1252,"url":"https:\/\/www.smartexstore.it\/b2b\/wp-content\/uploads\/2020\/01\/Home-black-Front3.jpg","type":"image\/jpeg"}],"twitter_card":"summary_large_image","twitter_misc":{"Tempo di lettura stimato":"2 minuti"},"schema":{"@context":"https:\/\/schema.org","@graph":[{"@type":"WebPage","@id":"https:\/\/www.smartexstore.it\/b2b\/prodotto\/altri-ricambi\/iphone-parti-interne\/tasto-home-iphone\/tasto-home-con-sensore-di-gravita-per-iphone-7-7-plus-8-8-plus-nero\/","url":"https:\/\/www.smartexstore.it\/b2b\/prodotto\/altri-ricambi\/iphone-parti-interne\/tasto-home-iphone\/tasto-home-con-sensore-di-gravita-per-iphone-7-7-plus-8-8-plus-nero\/","name":"Tasto Home per iPhone 7, 7 Plus, 8, 8 Plus: compatibile, spedizione 24H","isPartOf":{"@id":"https:\/\/www.smartexstore.it\/b2b\/#website"},"primaryImageOfPage":{"@id":"https:\/\/www.smartexstore.it\/b2b\/prodotto\/altri-ricambi\/iphone-parti-interne\/tasto-home-iphone\/tasto-home-con-sensore-di-gravita-per-iphone-7-7-plus-8-8-plus-nero\/#primaryimage"},"image":{"@id":"https:\/\/www.smartexstore.it\/b2b\/prodotto\/altri-ricambi\/iphone-parti-interne\/tasto-home-iphone\/tasto-home-con-sensore-di-gravita-per-iphone-7-7-plus-8-8-plus-nero\/#primaryimage"},"thumbnailUrl":"https:\/\/www.smartexstore.it\/b2b\/wp-content\/uploads\/2020\/01\/Home-black-Front3.jpg","datePublished":"2020-01-15T15:29:53+00:00","dateModified":"2026-01-09T10:45:28+00:00","description":"Tasto Home per iPhone 7, 7 Plus, 8, 8 Plus con sensore di gravit\u00e0, di terza generazione! Prodotti di qualit\u00e0. Entra e scoprili tutti!","breadcrumb":{"@id":"https:\/\/www.smartexstore.it\/b2b\/prodotto\/altri-ricambi\/iphone-parti-interne\/tasto-home-iphone\/tasto-home-con-sensore-di-gravita-per-iphone-7-7-plus-8-8-plus-nero\/#breadcrumb"},"inLanguage":"it-IT","potentialAction":[{"@type":"ReadAction","target":["https:\/\/www.smartexstore.it\/b2b\/prodotto\/altri-ricambi\/iphone-parti-interne\/tasto-home-iphone\/tasto-home-con-sensore-di-gravita-per-iphone-7-7-plus-8-8-plus-nero\/"]}]},{"@type":"ImageObject","inLanguage":"it-IT","@id":"https:\/\/www.smartexstore.it\/b2b\/prodotto\/altri-ricambi\/iphone-parti-interne\/tasto-home-iphone\/tasto-home-con-sensore-di-gravita-per-iphone-7-7-plus-8-8-plus-nero\/#primaryimage","url":"https:\/\/www.smartexstore.it\/b2b\/wp-content\/uploads\/2020\/01\/Home-black-Front3.jpg","contentUrl":"https:\/\/www.smartexstore.it\/b2b\/wp-content\/uploads\/2020\/01\/Home-black-Front3.jpg","width":1256,"height":1252,"caption":"Tasto Home per iPhone"},{"@type":"BreadcrumbList","@id":"https:\/\/www.smartexstore.it\/b2b\/prodotto\/altri-ricambi\/iphone-parti-interne\/tasto-home-iphone\/tasto-home-con-sensore-di-gravita-per-iphone-7-7-plus-8-8-plus-nero\/#breadcrumb","itemListElement":[{"@type":"ListItem","position":1,"name":"Home","item":"https:\/\/www.smartexstore.it\/b2b\/"},{"@type":"ListItem","position":2,"name":"SHOP","item":"https:\/\/www.smartexstore.it\/b2b\/"},{"@type":"ListItem","position":3,"name":"Tasto Home con sensore di gravit\u00e0 per iPhone 7, 7 Plus, 8, 8 Plus &#8211; Nero"}]},{"@type":"WebSite","@id":"https:\/\/www.smartexstore.it\/b2b\/#website","url":"https:\/\/www.smartexstore.it\/b2b\/","name":"B2B Smartex Store","description":"Ricambi per cellulari e accessori telefonia","publisher":{"@id":"https:\/\/www.smartexstore.it\/b2b\/#organization"},"potentialAction":[{"@type":"SearchAction","target":{"@type":"EntryPoint","urlTemplate":"https:\/\/www.smartexstore.it\/b2b\/?s={search_term_string}"},"query-input":{"@type":"PropertyValueSpecification","valueRequired":true,"valueName":"search_term_string"}}],"inLanguage":"it-IT"},{"@type":"Organization","@id":"https:\/\/www.smartexstore.it\/b2b\/#organization","name":"Recomm Srl","url":"https:\/\/www.smartexstore.it\/b2b\/","logo":{"@type":"ImageObject","inLanguage":"it-IT","@id":"https:\/\/www.smartexstore.it\/b2b\/#\/schema\/logo\/image\/","url":"https:\/\/www.smartexstore.it\/b2b\/wp-content\/uploads\/2017\/02\/logosmartex_b2b-1.svg","contentUrl":"https:\/\/www.smartexstore.it\/b2b\/wp-content\/uploads\/2017\/02\/logosmartex_b2b-1.svg","caption":"Recomm Srl"},"image":{"@id":"https:\/\/www.smartexstore.it\/b2b\/#\/schema\/logo\/image\/"},"sameAs":["https:\/\/www.facebook.com\/smartexstore\/","https:\/\/www.instagram.com\/smartex_store\/","https:\/\/www.youtube.com\/channel\/UCOMoER_fh_Hu14voGrTGULg"]}]}},"_links":{"self":[{"href":"https:\/\/www.smartexstore.it\/b2b\/wp-json\/wp\/v2\/product\/25501","targetHints":{"allow":["GET"]}}],"collection":[{"href":"https:\/\/www.smartexstore.it\/b2b\/wp-json\/wp\/v2\/product"}],"about":[{"href":"https:\/\/www.smartexstore.it\/b2b\/wp-json\/wp\/v2\/types\/product"}],"replies":[{"embeddable":true,"href":"https:\/\/www.smartexstore.it\/b2b\/wp-json\/wp\/v2\/comments?post=25501"}],"wp:featuredmedia":[{"embeddable":true,"href":"https:\/\/www.smartexstore.it\/b2b\/wp-json\/wp\/v2\/media\/25553"}],"wp:attachment":[{"href":"https:\/\/www.smartexstore.it\/b2b\/wp-json\/wp\/v2\/media?parent=25501"}],"wp:term":[{"taxonomy":"product_brand","embeddable":true,"href":"https:\/\/www.smartexstore.it\/b2b\/wp-json\/wp\/v2\/product_brand?post=25501"},{"taxonomy":"product_cat","embeddable":true,"href":"https:\/\/www.smartexstore.it\/b2b\/wp-json\/wp\/v2\/product_cat?post=25501"},{"taxonomy":"product_tag","embeddable":true,"href":"https:\/\/www.smartexstore.it\/b2b\/wp-json\/wp\/v2\/product_tag?post=25501"}],"curies":[{"name":"wp","href":"https:\/\/api.w.org\/{rel}","templated":true}]}}