{"id":58866,"date":"2021-05-25T11:50:27","date_gmt":"2021-05-25T09:50:27","guid":{"rendered":"https:\/\/www.smartexstore.it\/b2b\/?post_type=product&#038;p=58866"},"modified":"2023-10-19T17:41:30","modified_gmt":"2023-10-19T15:41:30","slug":"5display-originale-samsung-a51-5g-black-gh82-23100a","status":"publish","type":"product","link":"https:\/\/www.smartexstore.it\/b2b\/prodotto\/display\/samsung-lcd-originali\/5display-originale-samsung-a51-5g-black-gh82-23100a\/","title":{"rendered":"Display Originale Samsung A51 5G Black &#8211; GH82-23100A"},"content":{"rendered":"<p>Il Display originale Samsung A51 5G \u00e8 il ricambio originale per Samsung Galaxy A51 5G.<br \/>\nIl prodotto \u00e8 un Service Pack.<\/p>\n<p>Colore: Black<\/p>\n<hr \/>\n<h5>Codici<\/h5>\n<p>I codici identificativi della parte di ricambio sono:<\/p>\n<ul>\n<li>GH82-23100A<\/li>\n<li>GH82-23124A<\/li>\n<\/ul>\n<p>I seguenti codici si trovano sul retro del vostro smartphone e rappresentano i modelli compatibili alla parte di ricambio:<\/p>\n<ul>\n<li><strong>Galaxy A51 5G <\/strong>(SM-A516B)<\/li>\n<\/ul>\n<hr \/>\n<h5>Perch\u00e9\u00a0sceglierlo?<\/h5>\n<p>Il prodotto \u00e8 un ricambio originale, acquistato da distributori ufficiali Samsung in Europa.<\/p>\n<p>La confezione \u00e8 comprensiva di vetrino, touchscreen, display e telaio centrale. Il tutto \u00e8 gi\u00e0 assemblato.<\/p>\n<hr \/>\n<h5>Oltre al Display originale Samsung A51 5G hai bisogno anche di altro?<\/h5>\n<p><strong><a href=\"https:\/\/www.smartexstore.it\/b2b\/tag-prodotto\/samsung-galaxy-a51-5g\/\" target=\"_blank\" rel=\"noopener noreferrer\">Altri componenti e accessori per Galaxy A51 5G<\/a><\/strong><\/p>\n<p>Nel nostro store potete trovare molte altre parti di ricambio.<br \/>\nAd esempio: Camera frontale e posteriore, Connettore di Ricarica, Speaker Superiore\/Ear Speaker, Altoparlante inferiore\/Buzzer Speaker, Tasto Home, etc.<\/p>\n<hr \/>\n<h5><a href=\"https:\/\/www.smartexstore.it\/b2b\/condizioni-di-garanzia-per-prodotti-originali\/\"><b>Condizioni di garanzia per prodotti originali<\/b><\/a><\/h5>\n<hr \/>\n<h5><a href=\"https:\/\/www.facebook.com\/smartexstore\/\" target=\"_blank\" rel=\"noopener noreferrer\">Seguici su Facebook<\/a><\/h5>\n","protected":false},"excerpt":{"rendered":"<div class=\"woocommerce-product-details__short-description\">\n<div class=\"woocommerce-product-details__short-description\">\n<p>Se concludi l\u2019acquisto entro le 16:00 ricevi il prodotto in 24 ore lavorative, isole escluse.<\/p>\n<\/div>\n<\/div>\n","protected":false},"featured_media":58870,"comment_status":"closed","ping_status":"closed","template":"","meta":{"inline_featured_image":false,"_exactmetrics_skip_tracking":false,"_exactmetrics_sitenote_active":false,"_exactmetrics_sitenote_note":"","_exactmetrics_sitenote_category":0},"product_brand":[],"product_cat":[1204],"product_tag":[1218,1268,2141,1425],"class_list":{"0":"post-58866","1":"product","2":"type-product","3":"status-publish","4":"has-post-thumbnail","6":"product_cat-samsung-lcd-originali","7":"product_tag-gh82-23100a","8":"product_tag-gh82-23124a","9":"product_tag-samsung","10":"product_tag-samsung-galaxy-a51-5g","11":"pa_colore-bianco","12":"pa_colore-nero","14":"first","15":"instock","16":"taxable","17":"shipping-taxable","18":"purchasable","19":"product-type-simple"},"yoast_head":"<!-- This site is optimized with the Yoast SEO plugin v26.8 - https:\/\/yoast.com\/product\/yoast-seo-wordpress\/ -->\n<title>Display originale Samsung A51 5G garantito e di qualit\u00e0! Smartex Store<\/title>\n<meta name=\"description\" content=\"Display originale Samsung A51 5G: ricambio originale, qualit\u00e0 professionale adatto per sostituire il display. Entra e scoprili tutti!\" \/>\n<meta name=\"robots\" content=\"index, follow, max-snippet:-1, max-image-preview:large, max-video-preview:-1\" \/>\n<link rel=\"canonical\" href=\"https:\/\/www.smartexstore.it\/b2b\/prodotto\/display\/samsung-lcd-originali\/5display-originale-samsung-a51-5g-black-gh82-23100a\/\" \/>\n<meta property=\"og:locale\" content=\"it_IT\" \/>\n<meta property=\"og:type\" content=\"article\" \/>\n<meta property=\"og:title\" content=\"Display originale Samsung A51 5G garantito e di qualit\u00e0! Smartex Store\" \/>\n<meta property=\"og:description\" content=\"Display originale Samsung A51 5G: ricambio originale, qualit\u00e0 professionale adatto per sostituire il display. Entra e scoprili tutti!\" \/>\n<meta property=\"og:url\" content=\"https:\/\/www.smartexstore.it\/b2b\/prodotto\/display\/samsung-lcd-originali\/5display-originale-samsung-a51-5g-black-gh82-23100a\/\" \/>\n<meta property=\"og:site_name\" content=\"B2B Smartex Store\" \/>\n<meta property=\"article:publisher\" content=\"https:\/\/www.facebook.com\/smartexstore\/\" \/>\n<meta property=\"article:modified_time\" content=\"2023-10-19T15:41:30+00:00\" \/>\n<meta property=\"og:image\" content=\"https:\/\/www.smartexstore.it\/b2b\/wp-content\/uploads\/2021\/05\/GH82-23100A.jpg\" \/>\n\t<meta property=\"og:image:width\" content=\"600\" \/>\n\t<meta property=\"og:image:height\" content=\"600\" \/>\n\t<meta property=\"og:image:type\" content=\"image\/jpeg\" \/>\n<meta name=\"twitter:card\" content=\"summary_large_image\" \/>\n<meta name=\"twitter:label1\" content=\"Tempo di lettura stimato\" \/>\n\t<meta name=\"twitter:data1\" content=\"1 minuto\" \/>\n<script type=\"application\/ld+json\" class=\"yoast-schema-graph\">{\"@context\":\"https:\/\/schema.org\",\"@graph\":[{\"@type\":\"WebPage\",\"@id\":\"https:\/\/www.smartexstore.it\/b2b\/prodotto\/display\/samsung-lcd-originali\/5display-originale-samsung-a51-5g-black-gh82-23100a\/\",\"url\":\"https:\/\/www.smartexstore.it\/b2b\/prodotto\/display\/samsung-lcd-originali\/5display-originale-samsung-a51-5g-black-gh82-23100a\/\",\"name\":\"Display originale Samsung A51 5G garantito e di qualit\u00e0! Smartex Store\",\"isPartOf\":{\"@id\":\"https:\/\/www.smartexstore.it\/b2b\/#website\"},\"primaryImageOfPage\":{\"@id\":\"https:\/\/www.smartexstore.it\/b2b\/prodotto\/display\/samsung-lcd-originali\/5display-originale-samsung-a51-5g-black-gh82-23100a\/#primaryimage\"},\"image\":{\"@id\":\"https:\/\/www.smartexstore.it\/b2b\/prodotto\/display\/samsung-lcd-originali\/5display-originale-samsung-a51-5g-black-gh82-23100a\/#primaryimage\"},\"thumbnailUrl\":\"https:\/\/www.smartexstore.it\/b2b\/wp-content\/uploads\/2021\/05\/GH82-23100A.jpg\",\"datePublished\":\"2021-05-25T09:50:27+00:00\",\"dateModified\":\"2023-10-19T15:41:30+00:00\",\"description\":\"Display originale Samsung A51 5G: ricambio originale, qualit\u00e0 professionale adatto per sostituire il display. Entra e scoprili tutti!\",\"breadcrumb\":{\"@id\":\"https:\/\/www.smartexstore.it\/b2b\/prodotto\/display\/samsung-lcd-originali\/5display-originale-samsung-a51-5g-black-gh82-23100a\/#breadcrumb\"},\"inLanguage\":\"it-IT\",\"potentialAction\":[{\"@type\":\"ReadAction\",\"target\":[\"https:\/\/www.smartexstore.it\/b2b\/prodotto\/display\/samsung-lcd-originali\/5display-originale-samsung-a51-5g-black-gh82-23100a\/\"]}]},{\"@type\":\"ImageObject\",\"inLanguage\":\"it-IT\",\"@id\":\"https:\/\/www.smartexstore.it\/b2b\/prodotto\/display\/samsung-lcd-originali\/5display-originale-samsung-a51-5g-black-gh82-23100a\/#primaryimage\",\"url\":\"https:\/\/www.smartexstore.it\/b2b\/wp-content\/uploads\/2021\/05\/GH82-23100A.jpg\",\"contentUrl\":\"https:\/\/www.smartexstore.it\/b2b\/wp-content\/uploads\/2021\/05\/GH82-23100A.jpg\",\"width\":600,\"height\":600,\"caption\":\"Display originale Samsung A51 5G nero no frame\"},{\"@type\":\"BreadcrumbList\",\"@id\":\"https:\/\/www.smartexstore.it\/b2b\/prodotto\/display\/samsung-lcd-originali\/5display-originale-samsung-a51-5g-black-gh82-23100a\/#breadcrumb\",\"itemListElement\":[{\"@type\":\"ListItem\",\"position\":1,\"name\":\"Home\",\"item\":\"https:\/\/www.smartexstore.it\/b2b\/\"},{\"@type\":\"ListItem\",\"position\":2,\"name\":\"SHOP\",\"item\":\"https:\/\/www.smartexstore.it\/b2b\/\"},{\"@type\":\"ListItem\",\"position\":3,\"name\":\"Display Originale Samsung A51 5G Black &#8211; GH82-23100A\"}]},{\"@type\":\"WebSite\",\"@id\":\"https:\/\/www.smartexstore.it\/b2b\/#website\",\"url\":\"https:\/\/www.smartexstore.it\/b2b\/\",\"name\":\"B2B Smartex Store\",\"description\":\"Ricambi per cellulari e accessori telefonia\",\"publisher\":{\"@id\":\"https:\/\/www.smartexstore.it\/b2b\/#organization\"},\"potentialAction\":[{\"@type\":\"SearchAction\",\"target\":{\"@type\":\"EntryPoint\",\"urlTemplate\":\"https:\/\/www.smartexstore.it\/b2b\/?s={search_term_string}\"},\"query-input\":{\"@type\":\"PropertyValueSpecification\",\"valueRequired\":true,\"valueName\":\"search_term_string\"}}],\"inLanguage\":\"it-IT\"},{\"@type\":\"Organization\",\"@id\":\"https:\/\/www.smartexstore.it\/b2b\/#organization\",\"name\":\"Recomm Srl\",\"url\":\"https:\/\/www.smartexstore.it\/b2b\/\",\"logo\":{\"@type\":\"ImageObject\",\"inLanguage\":\"it-IT\",\"@id\":\"https:\/\/www.smartexstore.it\/b2b\/#\/schema\/logo\/image\/\",\"url\":\"https:\/\/www.smartexstore.it\/b2b\/wp-content\/uploads\/2017\/02\/logosmartex_b2b-1.svg\",\"contentUrl\":\"https:\/\/www.smartexstore.it\/b2b\/wp-content\/uploads\/2017\/02\/logosmartex_b2b-1.svg\",\"caption\":\"Recomm Srl\"},\"image\":{\"@id\":\"https:\/\/www.smartexstore.it\/b2b\/#\/schema\/logo\/image\/\"},\"sameAs\":[\"https:\/\/www.facebook.com\/smartexstore\/\",\"https:\/\/www.instagram.com\/smartex_store\/\",\"https:\/\/www.youtube.com\/channel\/UCOMoER_fh_Hu14voGrTGULg\"]}]}<\/script>\n<!-- \/ Yoast SEO plugin. -->","yoast_head_json":{"title":"Display originale Samsung A51 5G garantito e di qualit\u00e0! Smartex Store","description":"Display originale Samsung A51 5G: ricambio originale, qualit\u00e0 professionale adatto per sostituire il display. Entra e scoprili tutti!","robots":{"index":"index","follow":"follow","max-snippet":"max-snippet:-1","max-image-preview":"max-image-preview:large","max-video-preview":"max-video-preview:-1"},"canonical":"https:\/\/www.smartexstore.it\/b2b\/prodotto\/display\/samsung-lcd-originali\/5display-originale-samsung-a51-5g-black-gh82-23100a\/","og_locale":"it_IT","og_type":"article","og_title":"Display originale Samsung A51 5G garantito e di qualit\u00e0! Smartex Store","og_description":"Display originale Samsung A51 5G: ricambio originale, qualit\u00e0 professionale adatto per sostituire il display. Entra e scoprili tutti!","og_url":"https:\/\/www.smartexstore.it\/b2b\/prodotto\/display\/samsung-lcd-originali\/5display-originale-samsung-a51-5g-black-gh82-23100a\/","og_site_name":"B2B Smartex Store","article_publisher":"https:\/\/www.facebook.com\/smartexstore\/","article_modified_time":"2023-10-19T15:41:30+00:00","og_image":[{"width":600,"height":600,"url":"https:\/\/www.smartexstore.it\/b2b\/wp-content\/uploads\/2021\/05\/GH82-23100A.jpg","type":"image\/jpeg"}],"twitter_card":"summary_large_image","twitter_misc":{"Tempo di lettura stimato":"1 minuto"},"schema":{"@context":"https:\/\/schema.org","@graph":[{"@type":"WebPage","@id":"https:\/\/www.smartexstore.it\/b2b\/prodotto\/display\/samsung-lcd-originali\/5display-originale-samsung-a51-5g-black-gh82-23100a\/","url":"https:\/\/www.smartexstore.it\/b2b\/prodotto\/display\/samsung-lcd-originali\/5display-originale-samsung-a51-5g-black-gh82-23100a\/","name":"Display originale Samsung A51 5G garantito e di qualit\u00e0! Smartex Store","isPartOf":{"@id":"https:\/\/www.smartexstore.it\/b2b\/#website"},"primaryImageOfPage":{"@id":"https:\/\/www.smartexstore.it\/b2b\/prodotto\/display\/samsung-lcd-originali\/5display-originale-samsung-a51-5g-black-gh82-23100a\/#primaryimage"},"image":{"@id":"https:\/\/www.smartexstore.it\/b2b\/prodotto\/display\/samsung-lcd-originali\/5display-originale-samsung-a51-5g-black-gh82-23100a\/#primaryimage"},"thumbnailUrl":"https:\/\/www.smartexstore.it\/b2b\/wp-content\/uploads\/2021\/05\/GH82-23100A.jpg","datePublished":"2021-05-25T09:50:27+00:00","dateModified":"2023-10-19T15:41:30+00:00","description":"Display originale Samsung A51 5G: ricambio originale, qualit\u00e0 professionale adatto per sostituire il display. Entra e scoprili tutti!","breadcrumb":{"@id":"https:\/\/www.smartexstore.it\/b2b\/prodotto\/display\/samsung-lcd-originali\/5display-originale-samsung-a51-5g-black-gh82-23100a\/#breadcrumb"},"inLanguage":"it-IT","potentialAction":[{"@type":"ReadAction","target":["https:\/\/www.smartexstore.it\/b2b\/prodotto\/display\/samsung-lcd-originali\/5display-originale-samsung-a51-5g-black-gh82-23100a\/"]}]},{"@type":"ImageObject","inLanguage":"it-IT","@id":"https:\/\/www.smartexstore.it\/b2b\/prodotto\/display\/samsung-lcd-originali\/5display-originale-samsung-a51-5g-black-gh82-23100a\/#primaryimage","url":"https:\/\/www.smartexstore.it\/b2b\/wp-content\/uploads\/2021\/05\/GH82-23100A.jpg","contentUrl":"https:\/\/www.smartexstore.it\/b2b\/wp-content\/uploads\/2021\/05\/GH82-23100A.jpg","width":600,"height":600,"caption":"Display originale Samsung A51 5G nero no frame"},{"@type":"BreadcrumbList","@id":"https:\/\/www.smartexstore.it\/b2b\/prodotto\/display\/samsung-lcd-originali\/5display-originale-samsung-a51-5g-black-gh82-23100a\/#breadcrumb","itemListElement":[{"@type":"ListItem","position":1,"name":"Home","item":"https:\/\/www.smartexstore.it\/b2b\/"},{"@type":"ListItem","position":2,"name":"SHOP","item":"https:\/\/www.smartexstore.it\/b2b\/"},{"@type":"ListItem","position":3,"name":"Display Originale Samsung A51 5G Black &#8211; GH82-23100A"}]},{"@type":"WebSite","@id":"https:\/\/www.smartexstore.it\/b2b\/#website","url":"https:\/\/www.smartexstore.it\/b2b\/","name":"B2B Smartex Store","description":"Ricambi per cellulari e accessori telefonia","publisher":{"@id":"https:\/\/www.smartexstore.it\/b2b\/#organization"},"potentialAction":[{"@type":"SearchAction","target":{"@type":"EntryPoint","urlTemplate":"https:\/\/www.smartexstore.it\/b2b\/?s={search_term_string}"},"query-input":{"@type":"PropertyValueSpecification","valueRequired":true,"valueName":"search_term_string"}}],"inLanguage":"it-IT"},{"@type":"Organization","@id":"https:\/\/www.smartexstore.it\/b2b\/#organization","name":"Recomm Srl","url":"https:\/\/www.smartexstore.it\/b2b\/","logo":{"@type":"ImageObject","inLanguage":"it-IT","@id":"https:\/\/www.smartexstore.it\/b2b\/#\/schema\/logo\/image\/","url":"https:\/\/www.smartexstore.it\/b2b\/wp-content\/uploads\/2017\/02\/logosmartex_b2b-1.svg","contentUrl":"https:\/\/www.smartexstore.it\/b2b\/wp-content\/uploads\/2017\/02\/logosmartex_b2b-1.svg","caption":"Recomm Srl"},"image":{"@id":"https:\/\/www.smartexstore.it\/b2b\/#\/schema\/logo\/image\/"},"sameAs":["https:\/\/www.facebook.com\/smartexstore\/","https:\/\/www.instagram.com\/smartex_store\/","https:\/\/www.youtube.com\/channel\/UCOMoER_fh_Hu14voGrTGULg"]}]}},"_links":{"self":[{"href":"https:\/\/www.smartexstore.it\/b2b\/wp-json\/wp\/v2\/product\/58866","targetHints":{"allow":["GET"]}}],"collection":[{"href":"https:\/\/www.smartexstore.it\/b2b\/wp-json\/wp\/v2\/product"}],"about":[{"href":"https:\/\/www.smartexstore.it\/b2b\/wp-json\/wp\/v2\/types\/product"}],"replies":[{"embeddable":true,"href":"https:\/\/www.smartexstore.it\/b2b\/wp-json\/wp\/v2\/comments?post=58866"}],"wp:featuredmedia":[{"embeddable":true,"href":"https:\/\/www.smartexstore.it\/b2b\/wp-json\/wp\/v2\/media\/58870"}],"wp:attachment":[{"href":"https:\/\/www.smartexstore.it\/b2b\/wp-json\/wp\/v2\/media?parent=58866"}],"wp:term":[{"taxonomy":"product_brand","embeddable":true,"href":"https:\/\/www.smartexstore.it\/b2b\/wp-json\/wp\/v2\/product_brand?post=58866"},{"taxonomy":"product_cat","embeddable":true,"href":"https:\/\/www.smartexstore.it\/b2b\/wp-json\/wp\/v2\/product_cat?post=58866"},{"taxonomy":"product_tag","embeddable":true,"href":"https:\/\/www.smartexstore.it\/b2b\/wp-json\/wp\/v2\/product_tag?post=58866"}],"curies":[{"name":"wp","href":"https:\/\/api.w.org\/{rel}","templated":true}]}}