{"id":6258,"date":"2019-07-29T15:04:02","date_gmt":"2019-07-29T13:04:02","guid":{"rendered":"https:\/\/www.smartexstore.it\/b2b\/?post_type=product&#038;p=6258"},"modified":"2025-02-14T15:21:47","modified_gmt":"2025-02-14T14:21:47","slug":"display-lcd-iphone-6-plus-bianco","status":"publish","type":"product","link":"https:\/\/www.smartexstore.it\/b2b\/prodotto\/display\/iphone-lcd\/display-compatibili-iphone\/display-lcd-iphone-6-plus-bianco\/","title":{"rendered":"Display LCD iPhone 6 Plus &#8211; Bianco"},"content":{"rendered":"<p>Display iPhone 6 Plus \u00e8 coperto da una garanzia di 12 mesi.<br \/>\nIl Display compatibile con iPhone 6 Plus \u00e8 composto dal Touch e dall\u2019LCD, integrati sullo stesso strato del pannello.<\/p>\n<p>Tutti i nostri display iPhone sono realizzati con pannelli a matrice Tianma o Youda (AUO). Non produciamo LCD per iPhone con matrici economiche di qualit\u00e0 inferiore.<br \/>\nI nostri display vengono montati con i migliori componenti presenti sul mercato. Il Display per iPhone include anche gli anelli distanziatori per fotocamera e sensore di presenza. La presenza di questi componenti semplifica considerevolmente il montaggio e riduce il tempo necessario all\u2019 installazione.<\/p>\n<p>Colore: Bianco<\/p>\n<hr \/>\n<h5>Codici<\/h5>\n<p>I seguenti codici si trovano sul retro del vostro smartphone e rappresentano i modelli compatibili alla parte di ricambio:<\/p>\n<ul>\n<li><b>iPhone 6 Plus <\/b>(A1522, A1524, A1593)<b><br \/>\n<\/b><\/li>\n<\/ul>\n<hr \/>\n<h5>Perch\u00e9 sceglierla?<\/h5>\n<p>Tutte le parti di ricambio sono prodotte da fornitori terzisti certificati, rispettando gli alti livelli qualitativi che ci siamo prefissati. Infatti la produzione \u00e8 eseguita da aziende qualificate direttamente dai nostri ingegneri. Inoltre ogni anno sono eseguiti 2 sopralluoghi sulle linee di produzione, per verificare il rispetto degli standard qualitativi. I prodotti vengono singolarmente testati in fase di produzione. Oltre a questo, \u00e8 eseguita una seconda fase di test a campione presso i nostri magazzini.<\/p>\n<hr \/>\n<h5>Oltre al Display\u00a0hai bisogno anche di altro?<\/h5>\n<p><strong><a href=\"https:\/\/www.smartexstore.it\/b2b\/tag-prodotto\/iphone-6-plus\/\" target=\"_blank\" rel=\"noopener noreferrer\">Altri componenti e accessori per iPhone 6 Plus<\/a><\/strong><\/p>\n<hr \/>\n<h5>Mai pi\u00f9 schermo graffiato!<br \/>\nAbbiamo la soluzione: nuova tecnologia Nanofilm a triplo strato<\/h5>\n<p>Sul nostro store potete trovare anche il\u00a0<a href=\"https:\/\/www.smartexstore.it\/b2b\/telefonia\/pellicola-protettiva\/\"><strong>Nanofilm<\/strong>\u00a0<\/a>con tecnologia a triplo strato. L\u2019utilizzo di questo accessorio riduce notevolmente la probabilit\u00e0 di danneggiamento del vostro display.<br \/>\nIn particolare il Nanofilm fornisce al vostro\u00a0<strong>LCD<\/strong>\u00a0una protezione superiore a quella dei pi\u00f9 robusto vetri temperati. Il Nanofilm a\u00a0<strong>3 strati<\/strong>\u00a0sfrutta il principio fisico dei vetri antiproiettile: l\u2019energia dell\u2019urto \u00e9 scaricata fra i singoli strati, minimizzandone l\u2019effetto sul display.<\/p>\n<hr \/>\n<h5>Per saperne di pi\u00f9, ti consigliamo di leggere il seguente articolo<\/h5>\n<blockquote class=\"wp-embedded-content\" data-secret=\"PFuVsA7c1c\"><p><a href=\"https:\/\/www.smartexstore.it\/b2b\/category\/notizie\/differenza-display-per-iphone\/\">Differenza display per iPhone<\/a><\/p><\/blockquote>\n<p><iframe class=\"wp-embedded-content lazyload\" sandbox=\"allow-scripts\" security=\"restricted\" style=\"position: absolute; clip: rect(1px, 1px, 1px, 1px);\" title=\"&#8220;Differenza display per iPhone&#8221; &#8212; B2B Smartex Store\" data-src=\"https:\/\/www.smartexstore.it\/b2b\/category\/notizie\/differenza-display-per-iphone\/embed\/#?secret=g56UyAreyx#?secret=PFuVsA7c1c\" data-secret=\"PFuVsA7c1c\" width=\"600\" height=\"338\" frameborder=\"0\" marginwidth=\"0\" marginheight=\"0\" scrolling=\"no\" src=\"data:image\/svg+xml;base64,PHN2ZyB3aWR0aD0iMSIgaGVpZ2h0PSIxIiB4bWxucz0iaHR0cDovL3d3dy53My5vcmcvMjAwMC9zdmciPjwvc3ZnPg==\" data-load-mode=\"1\"><\/iframe><\/p>\n<hr \/>\n<h5><a href=\"https:\/\/www.facebook.com\/smartexstore\/\" target=\"_blank\" rel=\"noopener noreferrer\">Seguici su Facebook<\/a><\/h5>\n","protected":false},"excerpt":{"rendered":"<p>Se concludi l\u2019acquisto entro le 16:00 ricevi il prodotto in 24 ore lavorative, isole e localit\u00e0 remote escluse <\/p>\n","protected":false},"featured_media":22108,"comment_status":"closed","ping_status":"closed","template":"","meta":{"inline_featured_image":false,"_exactmetrics_skip_tracking":false,"_exactmetrics_sitenote_active":false,"_exactmetrics_sitenote_note":"","_exactmetrics_sitenote_category":0},"product_brand":[],"product_cat":[121],"product_tag":[763,764,765,2201,1381,136],"class_list":{"0":"post-6258","1":"product","2":"type-product","3":"status-publish","4":"has-post-thumbnail","6":"product_cat-display-compatibili-iphone","7":"product_tag-a1522","8":"product_tag-a1524","9":"product_tag-a1593","10":"product_tag-apple","11":"product_tag-display-compatibile","12":"product_tag-iphone-6-plus","14":"first","15":"instock","16":"taxable","17":"shipping-taxable","18":"purchasable","19":"product-type-simple"},"yoast_head":"<!-- This site is optimized with the Yoast SEO plugin v26.8 - https:\/\/yoast.com\/product\/yoast-seo-wordpress\/ -->\n<title>Display iPhone 6 Plus compatibile e di qualit\u00e0, con spedizione 24h<\/title>\n<meta name=\"description\" content=\"Display iPhone 6 Plus marca Smartex, compatibile e garantito. Prodotti di qualit\u00e0 con spedizione 24h. Entra nel negozio e scopri di pi\u00f9!\" \/>\n<meta name=\"robots\" content=\"index, follow, max-snippet:-1, max-image-preview:large, max-video-preview:-1\" \/>\n<link rel=\"canonical\" href=\"https:\/\/www.smartexstore.it\/b2b\/prodotto\/display\/iphone-lcd\/display-compatibili-iphone\/display-lcd-iphone-6-plus-bianco\/\" \/>\n<meta property=\"og:locale\" content=\"it_IT\" \/>\n<meta property=\"og:type\" content=\"article\" \/>\n<meta property=\"og:title\" content=\"Display iPhone 6 Plus compatibile e di qualit\u00e0, con spedizione 24h\" \/>\n<meta property=\"og:description\" content=\"Display iPhone 6 Plus marca Smartex, compatibile e garantito. Prodotti di qualit\u00e0 con spedizione 24h. Entra nel negozio e scopri di pi\u00f9!\" \/>\n<meta property=\"og:url\" content=\"https:\/\/www.smartexstore.it\/b2b\/prodotto\/display\/iphone-lcd\/display-compatibili-iphone\/display-lcd-iphone-6-plus-bianco\/\" \/>\n<meta property=\"og:site_name\" content=\"B2B Smartex Store\" \/>\n<meta property=\"article:publisher\" content=\"https:\/\/www.facebook.com\/smartexstore\/\" \/>\n<meta property=\"article:modified_time\" content=\"2025-02-14T14:21:47+00:00\" \/>\n<meta property=\"og:image\" content=\"https:\/\/www.smartexstore.it\/b2b\/wp-content\/uploads\/2019\/07\/6-Plus-White.jpg\" \/>\n\t<meta property=\"og:image:width\" content=\"998\" \/>\n\t<meta property=\"og:image:height\" content=\"1000\" \/>\n\t<meta property=\"og:image:type\" content=\"image\/jpeg\" \/>\n<meta name=\"twitter:card\" content=\"summary_large_image\" \/>\n<meta name=\"twitter:label1\" content=\"Tempo di lettura stimato\" \/>\n\t<meta name=\"twitter:data1\" content=\"2 minuti\" \/>\n<script type=\"application\/ld+json\" class=\"yoast-schema-graph\">{\"@context\":\"https:\/\/schema.org\",\"@graph\":[{\"@type\":\"WebPage\",\"@id\":\"https:\/\/www.smartexstore.it\/b2b\/prodotto\/display\/iphone-lcd\/display-compatibili-iphone\/display-lcd-iphone-6-plus-bianco\/\",\"url\":\"https:\/\/www.smartexstore.it\/b2b\/prodotto\/display\/iphone-lcd\/display-compatibili-iphone\/display-lcd-iphone-6-plus-bianco\/\",\"name\":\"Display iPhone 6 Plus compatibile e di qualit\u00e0, con spedizione 24h\",\"isPartOf\":{\"@id\":\"https:\/\/www.smartexstore.it\/b2b\/#website\"},\"primaryImageOfPage\":{\"@id\":\"https:\/\/www.smartexstore.it\/b2b\/prodotto\/display\/iphone-lcd\/display-compatibili-iphone\/display-lcd-iphone-6-plus-bianco\/#primaryimage\"},\"image\":{\"@id\":\"https:\/\/www.smartexstore.it\/b2b\/prodotto\/display\/iphone-lcd\/display-compatibili-iphone\/display-lcd-iphone-6-plus-bianco\/#primaryimage\"},\"thumbnailUrl\":\"https:\/\/www.smartexstore.it\/b2b\/wp-content\/uploads\/2019\/07\/6-Plus-White.jpg\",\"datePublished\":\"2019-07-29T13:04:02+00:00\",\"dateModified\":\"2025-02-14T14:21:47+00:00\",\"description\":\"Display iPhone 6 Plus marca Smartex, compatibile e garantito. Prodotti di qualit\u00e0 con spedizione 24h. Entra nel negozio e scopri di pi\u00f9!\",\"breadcrumb\":{\"@id\":\"https:\/\/www.smartexstore.it\/b2b\/prodotto\/display\/iphone-lcd\/display-compatibili-iphone\/display-lcd-iphone-6-plus-bianco\/#breadcrumb\"},\"inLanguage\":\"it-IT\",\"potentialAction\":[{\"@type\":\"ReadAction\",\"target\":[\"https:\/\/www.smartexstore.it\/b2b\/prodotto\/display\/iphone-lcd\/display-compatibili-iphone\/display-lcd-iphone-6-plus-bianco\/\"]}]},{\"@type\":\"ImageObject\",\"inLanguage\":\"it-IT\",\"@id\":\"https:\/\/www.smartexstore.it\/b2b\/prodotto\/display\/iphone-lcd\/display-compatibili-iphone\/display-lcd-iphone-6-plus-bianco\/#primaryimage\",\"url\":\"https:\/\/www.smartexstore.it\/b2b\/wp-content\/uploads\/2019\/07\/6-Plus-White.jpg\",\"contentUrl\":\"https:\/\/www.smartexstore.it\/b2b\/wp-content\/uploads\/2019\/07\/6-Plus-White.jpg\",\"width\":998,\"height\":1000,\"caption\":\"display iphone 6 plus\"},{\"@type\":\"BreadcrumbList\",\"@id\":\"https:\/\/www.smartexstore.it\/b2b\/prodotto\/display\/iphone-lcd\/display-compatibili-iphone\/display-lcd-iphone-6-plus-bianco\/#breadcrumb\",\"itemListElement\":[{\"@type\":\"ListItem\",\"position\":1,\"name\":\"Home\",\"item\":\"https:\/\/www.smartexstore.it\/b2b\/\"},{\"@type\":\"ListItem\",\"position\":2,\"name\":\"SHOP\",\"item\":\"https:\/\/www.smartexstore.it\/b2b\/\"},{\"@type\":\"ListItem\",\"position\":3,\"name\":\"Display LCD iPhone 6 Plus &#8211; Bianco\"}]},{\"@type\":\"WebSite\",\"@id\":\"https:\/\/www.smartexstore.it\/b2b\/#website\",\"url\":\"https:\/\/www.smartexstore.it\/b2b\/\",\"name\":\"B2B Smartex Store\",\"description\":\"Ricambi per cellulari e accessori telefonia\",\"publisher\":{\"@id\":\"https:\/\/www.smartexstore.it\/b2b\/#organization\"},\"potentialAction\":[{\"@type\":\"SearchAction\",\"target\":{\"@type\":\"EntryPoint\",\"urlTemplate\":\"https:\/\/www.smartexstore.it\/b2b\/?s={search_term_string}\"},\"query-input\":{\"@type\":\"PropertyValueSpecification\",\"valueRequired\":true,\"valueName\":\"search_term_string\"}}],\"inLanguage\":\"it-IT\"},{\"@type\":\"Organization\",\"@id\":\"https:\/\/www.smartexstore.it\/b2b\/#organization\",\"name\":\"Recomm Srl\",\"url\":\"https:\/\/www.smartexstore.it\/b2b\/\",\"logo\":{\"@type\":\"ImageObject\",\"inLanguage\":\"it-IT\",\"@id\":\"https:\/\/www.smartexstore.it\/b2b\/#\/schema\/logo\/image\/\",\"url\":\"https:\/\/www.smartexstore.it\/b2b\/wp-content\/uploads\/2017\/02\/logosmartex_b2b-1.svg\",\"contentUrl\":\"https:\/\/www.smartexstore.it\/b2b\/wp-content\/uploads\/2017\/02\/logosmartex_b2b-1.svg\",\"caption\":\"Recomm Srl\"},\"image\":{\"@id\":\"https:\/\/www.smartexstore.it\/b2b\/#\/schema\/logo\/image\/\"},\"sameAs\":[\"https:\/\/www.facebook.com\/smartexstore\/\",\"https:\/\/www.instagram.com\/smartex_store\/\",\"https:\/\/www.youtube.com\/channel\/UCOMoER_fh_Hu14voGrTGULg\"]}]}<\/script>\n<!-- \/ Yoast SEO plugin. -->","yoast_head_json":{"title":"Display iPhone 6 Plus compatibile e di qualit\u00e0, con spedizione 24h","description":"Display iPhone 6 Plus marca Smartex, compatibile e garantito. Prodotti di qualit\u00e0 con spedizione 24h. Entra nel negozio e scopri di pi\u00f9!","robots":{"index":"index","follow":"follow","max-snippet":"max-snippet:-1","max-image-preview":"max-image-preview:large","max-video-preview":"max-video-preview:-1"},"canonical":"https:\/\/www.smartexstore.it\/b2b\/prodotto\/display\/iphone-lcd\/display-compatibili-iphone\/display-lcd-iphone-6-plus-bianco\/","og_locale":"it_IT","og_type":"article","og_title":"Display iPhone 6 Plus compatibile e di qualit\u00e0, con spedizione 24h","og_description":"Display iPhone 6 Plus marca Smartex, compatibile e garantito. Prodotti di qualit\u00e0 con spedizione 24h. Entra nel negozio e scopri di pi\u00f9!","og_url":"https:\/\/www.smartexstore.it\/b2b\/prodotto\/display\/iphone-lcd\/display-compatibili-iphone\/display-lcd-iphone-6-plus-bianco\/","og_site_name":"B2B Smartex Store","article_publisher":"https:\/\/www.facebook.com\/smartexstore\/","article_modified_time":"2025-02-14T14:21:47+00:00","og_image":[{"width":998,"height":1000,"url":"https:\/\/www.smartexstore.it\/b2b\/wp-content\/uploads\/2019\/07\/6-Plus-White.jpg","type":"image\/jpeg"}],"twitter_card":"summary_large_image","twitter_misc":{"Tempo di lettura stimato":"2 minuti"},"schema":{"@context":"https:\/\/schema.org","@graph":[{"@type":"WebPage","@id":"https:\/\/www.smartexstore.it\/b2b\/prodotto\/display\/iphone-lcd\/display-compatibili-iphone\/display-lcd-iphone-6-plus-bianco\/","url":"https:\/\/www.smartexstore.it\/b2b\/prodotto\/display\/iphone-lcd\/display-compatibili-iphone\/display-lcd-iphone-6-plus-bianco\/","name":"Display iPhone 6 Plus compatibile e di qualit\u00e0, con spedizione 24h","isPartOf":{"@id":"https:\/\/www.smartexstore.it\/b2b\/#website"},"primaryImageOfPage":{"@id":"https:\/\/www.smartexstore.it\/b2b\/prodotto\/display\/iphone-lcd\/display-compatibili-iphone\/display-lcd-iphone-6-plus-bianco\/#primaryimage"},"image":{"@id":"https:\/\/www.smartexstore.it\/b2b\/prodotto\/display\/iphone-lcd\/display-compatibili-iphone\/display-lcd-iphone-6-plus-bianco\/#primaryimage"},"thumbnailUrl":"https:\/\/www.smartexstore.it\/b2b\/wp-content\/uploads\/2019\/07\/6-Plus-White.jpg","datePublished":"2019-07-29T13:04:02+00:00","dateModified":"2025-02-14T14:21:47+00:00","description":"Display iPhone 6 Plus marca Smartex, compatibile e garantito. Prodotti di qualit\u00e0 con spedizione 24h. Entra nel negozio e scopri di pi\u00f9!","breadcrumb":{"@id":"https:\/\/www.smartexstore.it\/b2b\/prodotto\/display\/iphone-lcd\/display-compatibili-iphone\/display-lcd-iphone-6-plus-bianco\/#breadcrumb"},"inLanguage":"it-IT","potentialAction":[{"@type":"ReadAction","target":["https:\/\/www.smartexstore.it\/b2b\/prodotto\/display\/iphone-lcd\/display-compatibili-iphone\/display-lcd-iphone-6-plus-bianco\/"]}]},{"@type":"ImageObject","inLanguage":"it-IT","@id":"https:\/\/www.smartexstore.it\/b2b\/prodotto\/display\/iphone-lcd\/display-compatibili-iphone\/display-lcd-iphone-6-plus-bianco\/#primaryimage","url":"https:\/\/www.smartexstore.it\/b2b\/wp-content\/uploads\/2019\/07\/6-Plus-White.jpg","contentUrl":"https:\/\/www.smartexstore.it\/b2b\/wp-content\/uploads\/2019\/07\/6-Plus-White.jpg","width":998,"height":1000,"caption":"display iphone 6 plus"},{"@type":"BreadcrumbList","@id":"https:\/\/www.smartexstore.it\/b2b\/prodotto\/display\/iphone-lcd\/display-compatibili-iphone\/display-lcd-iphone-6-plus-bianco\/#breadcrumb","itemListElement":[{"@type":"ListItem","position":1,"name":"Home","item":"https:\/\/www.smartexstore.it\/b2b\/"},{"@type":"ListItem","position":2,"name":"SHOP","item":"https:\/\/www.smartexstore.it\/b2b\/"},{"@type":"ListItem","position":3,"name":"Display LCD iPhone 6 Plus &#8211; Bianco"}]},{"@type":"WebSite","@id":"https:\/\/www.smartexstore.it\/b2b\/#website","url":"https:\/\/www.smartexstore.it\/b2b\/","name":"B2B Smartex Store","description":"Ricambi per cellulari e accessori telefonia","publisher":{"@id":"https:\/\/www.smartexstore.it\/b2b\/#organization"},"potentialAction":[{"@type":"SearchAction","target":{"@type":"EntryPoint","urlTemplate":"https:\/\/www.smartexstore.it\/b2b\/?s={search_term_string}"},"query-input":{"@type":"PropertyValueSpecification","valueRequired":true,"valueName":"search_term_string"}}],"inLanguage":"it-IT"},{"@type":"Organization","@id":"https:\/\/www.smartexstore.it\/b2b\/#organization","name":"Recomm Srl","url":"https:\/\/www.smartexstore.it\/b2b\/","logo":{"@type":"ImageObject","inLanguage":"it-IT","@id":"https:\/\/www.smartexstore.it\/b2b\/#\/schema\/logo\/image\/","url":"https:\/\/www.smartexstore.it\/b2b\/wp-content\/uploads\/2017\/02\/logosmartex_b2b-1.svg","contentUrl":"https:\/\/www.smartexstore.it\/b2b\/wp-content\/uploads\/2017\/02\/logosmartex_b2b-1.svg","caption":"Recomm Srl"},"image":{"@id":"https:\/\/www.smartexstore.it\/b2b\/#\/schema\/logo\/image\/"},"sameAs":["https:\/\/www.facebook.com\/smartexstore\/","https:\/\/www.instagram.com\/smartex_store\/","https:\/\/www.youtube.com\/channel\/UCOMoER_fh_Hu14voGrTGULg"]}]}},"_links":{"self":[{"href":"https:\/\/www.smartexstore.it\/b2b\/wp-json\/wp\/v2\/product\/6258","targetHints":{"allow":["GET"]}}],"collection":[{"href":"https:\/\/www.smartexstore.it\/b2b\/wp-json\/wp\/v2\/product"}],"about":[{"href":"https:\/\/www.smartexstore.it\/b2b\/wp-json\/wp\/v2\/types\/product"}],"replies":[{"embeddable":true,"href":"https:\/\/www.smartexstore.it\/b2b\/wp-json\/wp\/v2\/comments?post=6258"}],"wp:featuredmedia":[{"embeddable":true,"href":"https:\/\/www.smartexstore.it\/b2b\/wp-json\/wp\/v2\/media\/22108"}],"wp:attachment":[{"href":"https:\/\/www.smartexstore.it\/b2b\/wp-json\/wp\/v2\/media?parent=6258"}],"wp:term":[{"taxonomy":"product_brand","embeddable":true,"href":"https:\/\/www.smartexstore.it\/b2b\/wp-json\/wp\/v2\/product_brand?post=6258"},{"taxonomy":"product_cat","embeddable":true,"href":"https:\/\/www.smartexstore.it\/b2b\/wp-json\/wp\/v2\/product_cat?post=6258"},{"taxonomy":"product_tag","embeddable":true,"href":"https:\/\/www.smartexstore.it\/b2b\/wp-json\/wp\/v2\/product_tag?post=6258"}],"curies":[{"name":"wp","href":"https:\/\/api.w.org\/{rel}","templated":true}]}}